{"id":8814,"date":"2026-02-23T13:14:29","date_gmt":"2026-02-23T13:14:29","guid":{"rendered":"https:\/\/slategray-albatross-978034.hostingersite.com\/product\/cashmere-6-28-100-lana-di-cashmere\/"},"modified":"2026-02-23T13:14:29","modified_gmt":"2026-02-23T13:14:29","slug":"cashmere-6-28-100-lana-di-cashmere","status":"publish","type":"product","link":"https:\/\/goodwool.shop\/it\/prodotto\/cashmere-6-28-100-lana-di-cashmere\/","title":{"rendered":"CASHMERE 6\/28 | 100% lana di cashmere"},"content":{"rendered":"<h3><strong>Cashmere 6\/28 \u2013 Uno dei nostri filati in cashmere pi\u00f9 esclusivi<\/strong><\/h3>\n<p>Il nostro Cashmere 6\/28 \u00e8 un filato particolarmente pregiato ed esclusivo, realizzato in pura lana di cashmere. Nella <strong>spessore Fine\/Sport<\/strong>, \u00e8 ideale per una vasta gamma di progetti. <\/p>\n<p>Per i nostri capi in cashmere utilizziamo esclusivamente il vello soffice e pettinato della capra cashmere. Le fibre provengono da capre degli altipiani mongoli. Il filato viene filato e tinto in Italia, precisamente nella rinomata filatura <strong>Cariaggi<\/strong>, di cui <strong>Chanel e Brunello Cucinelli<\/strong> sono in parte proprietari.  <\/p>\n<p><strong>La fibra e la produzione del Cashmere 6\/28 sono certificate SFA.<\/strong><br \/>Ci\u00f2 significa che sia la provenienza della fibra di cashmere sia la sua lavorazione in filatura avvengono nel rispetto di rigorosi standard ambientali, di benessere animale e sociali.<\/p>\n<p>La qualit\u00e0 del <strong>Cashmere 6\/28<\/strong> si percepisce fin dal primo punto. Utilizziamo fibre di cashmere particolarmente fini, con <strong>soli 15,5 micron<\/strong>. Il filato \u00e8 <strong>a 6 capi<\/strong>, \u00e8 piacevole da lavorare e garantisce una maglia uniforme e raffinata.  <\/p>\n<p>Il Cashmere 6\/28 \u00e8 la scelta perfetta per maglioni e giacche leggeri ma caldi, nonch\u00e9 per accessori di lusso come sciarpe e berretti. \u00c8 avvolgente e caldo, meravigliosamente leggero ed eccezionalmente morbido sulla pelle. <\/p>\n<h4>Dati tecnici<\/h4>\n<ul>\n<li><strong>Composizione:<\/strong> 100% lana di cashmere<\/li>\n<li><strong>Metraggio:<\/strong> 25g = 112m<\/li>\n<li><strong>Spessore dell&#8217;ago:<\/strong> 3-4 mm<\/li>\n<li><strong>Campione:<\/strong> 24 maglie, 32 ferri (10&#215;10 cm)<\/li>\n<li><strong>Spessore del filato:<\/strong> Fine\/Sport<\/li>\n<li><strong>Confezione:<\/strong> Matassa da 25 g<\/li>\n<\/ul>\n<h4>Origine<\/h4>\n<ul>\n<li><strong>Fibra:<\/strong> Altopiano mongolo<\/li>\n<li><strong>Versponnen &amp; gef\u00e4rbt:<\/strong> Italien (Cariaggi)<\/li>\n<\/ul>\n<h4>Istruzioni per la cura<\/h4>\n<ul>\n<li>Lavare a mano a max. 20 \u00b0C consigliata <\/li>\n<li>Asciugare in piano<\/li>\n<li>Non asciugare in asciugatrice<\/li>\n<li>Se necessario, ridurre a un livello pi\u00f9 basso la potenza<\/li>\n<\/ul>\n","protected":false},"excerpt":{"rendered":"<p>Filato esclusivo in puro cashmere al 100%. Ritorto a 6 capi, con fibre sottili da 15,5 micron. Filato in Italia da Cariaggi. 25 g = 112 m. Perfetto per maglioni e accessori di lusso.    <\/p>\n","protected":false},"featured_media":2214,"comment_status":"open","ping_status":"closed","template":"","meta":[],"product_brand":[],"product_cat":[345],"product_tag":[397,396,398,369,368,395,372],"class_list":{"0":"post-8814","1":"product","2":"type-product","3":"status-publish","4":"has-post-thumbnail","6":"product_cat-pura-natura","7":"product_tag-cashmere","8":"product_tag-cashmir","9":"product_tag-certificato-sfa","10":"product_tag-italia","11":"product_tag-lusso","12":"product_tag-premium","13":"product_tag-sostenibile","15":"first","16":"instock","17":"shipping-taxable","18":"purchasable","19":"product-type-variable"},"aioseo_notices":[],"_links":{"self":[{"href":"https:\/\/goodwool.shop\/it\/wp-json\/wp\/v2\/product\/8814","targetHints":{"allow":["GET"]}}],"collection":[{"href":"https:\/\/goodwool.shop\/it\/wp-json\/wp\/v2\/product"}],"about":[{"href":"https:\/\/goodwool.shop\/it\/wp-json\/wp\/v2\/types\/product"}],"replies":[{"embeddable":true,"href":"https:\/\/goodwool.shop\/it\/wp-json\/wp\/v2\/comments?post=8814"}],"version-history":[{"count":0,"href":"https:\/\/goodwool.shop\/it\/wp-json\/wp\/v2\/product\/8814\/revisions"}],"wp:featuredmedia":[{"embeddable":true,"href":"https:\/\/goodwool.shop\/it\/wp-json\/wp\/v2\/media\/2214"}],"wp:attachment":[{"href":"https:\/\/goodwool.shop\/it\/wp-json\/wp\/v2\/media?parent=8814"}],"wp:term":[{"taxonomy":"product_brand","embeddable":true,"href":"https:\/\/goodwool.shop\/it\/wp-json\/wp\/v2\/product_brand?post=8814"},{"taxonomy":"product_cat","embeddable":true,"href":"https:\/\/goodwool.shop\/it\/wp-json\/wp\/v2\/product_cat?post=8814"},{"taxonomy":"product_tag","embeddable":true,"href":"https:\/\/goodwool.shop\/it\/wp-json\/wp\/v2\/product_tag?post=8814"}],"curies":[{"name":"wp","href":"https:\/\/api.w.org\/{rel}","templated":true}]}}