{"id":8230,"date":"2026-02-23T19:24:48","date_gmt":"2026-02-23T19:24:48","guid":{"rendered":"https:\/\/goodwool.shop\/product\/alpawool-baby-100-dk-100-lana-di-baby-alpaca-rossa-300-g\/"},"modified":"2026-02-23T19:24:48","modified_gmt":"2026-02-23T19:24:48","slug":"alpawool-baby-100-dk-100-lana-di-baby-alpaca-rossa-300-g","status":"publish","type":"product","link":"https:\/\/goodwool.shop\/it\/prodotto\/alpawool-baby-100-dk-100-lana-di-baby-alpaca-rossa-300-g\/","title":{"rendered":"ALPAWOOL Baby 100 DK | 100% lana di baby alpaca rossa 300 g"},"content":{"rendered":"<h3><strong>Alpawool Baby 100 DK &#8211; Fine lana Baby Alpaca dal Per\u00f9<\/strong><\/h3>\n<p><strong>Alpawool Baby 100 DK<\/strong> \u00e8 un filato meravigliosamente morbido in <strong>100% lana Baby Alpaca<\/strong>. Le sue fibre pregiate provengono da alpaca delle Ande peruviane e si distinguono per la loro particolare morbidezza e la loro lucentezza setosa. <\/p>\n<p>La lana Baby Alpaca \u00e8 una delle fibre naturali pi\u00f9 nobili ed \u00e8 apprezzata per le sue eccellenti propriet\u00e0: \u00e8 leggera, calda, ipoallergenica e non contiene lanolina. Questo la rende particolarmente delicata sulla pelle e adatta anche alle pelli sensibili. <\/p>\n<p>Con la sua versatile robustezza DK, Alpawool Baby 100 \u00e8 perfetta per maglioni, sciarpe, cappelli e tutti i progetti che meritano un tocco di lusso. Il nostro bestseller assoluto! <\/p>\n<h4>Dati tecnici<\/h4>\n<ul>\n<li><strong>Composizione:<\/strong> 100% lana Baby Alpaca<\/li>\n<li><strong>Lunghezza:<\/strong> 50g = 100m<\/li>\n<li><strong>Ferri:<\/strong> 3-4 mm (US 3-6)<\/li>\n<li><strong>Campione:<\/strong> 24 maglie, 32 ferri (10&#215;10 cm)<\/li>\n<li><strong>Spessore del filato:<\/strong> DK<\/li>\n<li><strong>Confezione:<\/strong> Confezione convenienza 6x50g (300g)<\/li>\n<\/ul>\n<h4>Origine<\/h4>\n<ul>\n<li><strong>Fibra:<\/strong> Per\u00f9 (Ande)<\/li>\n<li><strong>Filato &amp; tinto:<\/strong> Per\u00f9<\/li>\n<\/ul>\n<h4>Istruzioni per la cura<\/h4>\n<ul>\n<li>Lavare a mano a max. 30\u00b0C <\/li>\n<li>Spremere delicatamente, non strizzare<\/li>\n<li>Asciugare in piano<\/li>\n<li>Non asciugare in asciugatrice<\/li>\n<\/ul>\n","protected":false},"excerpt":{"rendered":"<p>Fine lana Baby Alpaca dal Per\u00f9. Lussuosamente morbida, leggera e calda. Confezione convenienza 6x50g = 300g.  <\/p>\n","protected":false},"featured_media":2780,"comment_status":"open","ping_status":"closed","template":"","meta":[],"product_brand":[],"product_cat":[345],"product_tag":[360,346,362,359,363,361],"class_list":{"0":"post-8230","1":"product","2":"type-product","3":"status-publish","4":"has-post-thumbnail","6":"product_cat-pura-natura","7":"product_tag-alpaca-baby","8":"product_tag-dk","9":"product_tag-ipoallergenico","10":"product_tag-lana-di-alpaca","11":"product_tag-morbido","12":"product_tag-peru","14":"first","15":"instock","16":"shipping-taxable","17":"purchasable","18":"product-type-simple"},"aioseo_notices":[],"_links":{"self":[{"href":"https:\/\/goodwool.shop\/it\/wp-json\/wp\/v2\/product\/8230","targetHints":{"allow":["GET"]}}],"collection":[{"href":"https:\/\/goodwool.shop\/it\/wp-json\/wp\/v2\/product"}],"about":[{"href":"https:\/\/goodwool.shop\/it\/wp-json\/wp\/v2\/types\/product"}],"replies":[{"embeddable":true,"href":"https:\/\/goodwool.shop\/it\/wp-json\/wp\/v2\/comments?post=8230"}],"version-history":[{"count":0,"href":"https:\/\/goodwool.shop\/it\/wp-json\/wp\/v2\/product\/8230\/revisions"}],"wp:featuredmedia":[{"embeddable":true,"href":"https:\/\/goodwool.shop\/it\/wp-json\/wp\/v2\/media\/2780"}],"wp:attachment":[{"href":"https:\/\/goodwool.shop\/it\/wp-json\/wp\/v2\/media?parent=8230"}],"wp:term":[{"taxonomy":"product_brand","embeddable":true,"href":"https:\/\/goodwool.shop\/it\/wp-json\/wp\/v2\/product_brand?post=8230"},{"taxonomy":"product_cat","embeddable":true,"href":"https:\/\/goodwool.shop\/it\/wp-json\/wp\/v2\/product_cat?post=8230"},{"taxonomy":"product_tag","embeddable":true,"href":"https:\/\/goodwool.shop\/it\/wp-json\/wp\/v2\/product_tag?post=8230"}],"curies":[{"name":"wp","href":"https:\/\/api.w.org\/{rel}","templated":true}]}}