{"id":7836,"date":"2026-02-24T09:51:22","date_gmt":"2026-02-24T09:51:22","guid":{"rendered":"https:\/\/goodwool.shop\/product\/pro-lana-basic-cotone\/"},"modified":"2026-02-24T09:51:22","modified_gmt":"2026-02-24T09:51:22","slug":"pro-lana-basic-cotone","status":"publish","type":"product","link":"https:\/\/goodwool.shop\/it\/prodotto\/pro-lana-basic-cotone\/","title":{"rendered":"Pro Lana Basic cotone"},"content":{"rendered":"<h3><strong>Pro Lana Basic Cotton \u2013 la scelta versatile per eccellenza tra i filati<\/strong><\/h3>\n<p><strong>Basic Cotton<\/strong> \u00e8 il filato ideale per chi punta sulla qualit\u00e0, la versatilit\u00e0 e la sostenibilit\u00e0. Con <strong>105 splendidi colori<\/strong>, offre una scelta straordinaria per progetti creativi a maglia e all&#8217;uncinetto. <\/p>\n<p>Che si tratti di abbigliamento, tessuti per la casa o accessori, questo filato convince per la sua piacevole morbidezza al tatto e l&#8217;elevata resistenza. Realizzato in cotone di alta qualit\u00e0, Basic Cotton \u00e8 particolarmente morbido, delicato sulla pelle e durevole. <\/p>\n<p>\u00c8 dotato della <strong>certificazione OEKO-TEX<\/strong> ed \u00e8 stato testato secondo la norma <strong>DIN EN 71-3<\/strong> per la resistenza alla salivazione: perfetto per l&#8217;abbigliamento per neonati, i giocattoli e i peluche!<\/p>\n<h4>Dati tecnici<\/h4>\n<ul>\n<li><strong>Composizione:<\/strong> 100% cotone<\/li>\n<li><strong>Metraggio:<\/strong> 50 g = 125 m<\/li>\n<li><strong>Spessore dell&#8217;ago:<\/strong> 3,0 &#8211; 3,5 mm<\/li>\n<li><strong>Campione:<\/strong> 24 maglie, 32 ferri (10&#215;10 cm)<\/li>\n<li><strong>Spessore del filato:<\/strong> DK<\/li>\n<li><strong>Confezione:<\/strong> gomitolo da 50 g<\/li>\n<\/ul>\n<h4>Origine<\/h4>\n<ul>\n<li><strong>Fibra:<\/strong> Turchia<\/li>\n<li><strong>Trattamento:<\/strong> Mercerizzato e trattato con gas per conferire una leggera lucentezza<\/li>\n<\/ul>\n<h4>Istruzioni per la cura<\/h4>\n<ul>\n<li>Lavaggio in lavatrice a 40\u00b0C<\/li>\n<li>Non asciugare in asciugatrice<\/li>\n<li>Stirare a temperatura media<\/li>\n<li>Non candeggiare<\/li>\n<\/ul>\n","protected":false},"excerpt":{"rendered":"<p>100% cotone, certificato OEKO-TEX. Perfetto per capi di abbigliamento, amigurumi e tessuti per la casa. 50 g = 125 m.  <\/p>\n","protected":false},"featured_media":2951,"comment_status":"open","ping_status":"closed","template":"","meta":[],"product_brand":[],"product_cat":[280],"product_tag":[319,297,346,347,310],"class_list":{"0":"post-7836","1":"product","2":"type-product","3":"status-publish","4":"has-post-thumbnail","6":"product_cat-classici","7":"product_tag-amigurumi","8":"product_tag-cotone","9":"product_tag-dk","10":"product_tag-filato-per-neonati","11":"product_tag-oeko-tex","13":"first","14":"instock","15":"shipping-taxable","16":"purchasable","17":"product-type-variable"},"aioseo_notices":[],"_links":{"self":[{"href":"https:\/\/goodwool.shop\/it\/wp-json\/wp\/v2\/product\/7836","targetHints":{"allow":["GET"]}}],"collection":[{"href":"https:\/\/goodwool.shop\/it\/wp-json\/wp\/v2\/product"}],"about":[{"href":"https:\/\/goodwool.shop\/it\/wp-json\/wp\/v2\/types\/product"}],"replies":[{"embeddable":true,"href":"https:\/\/goodwool.shop\/it\/wp-json\/wp\/v2\/comments?post=7836"}],"version-history":[{"count":0,"href":"https:\/\/goodwool.shop\/it\/wp-json\/wp\/v2\/product\/7836\/revisions"}],"wp:featuredmedia":[{"embeddable":true,"href":"https:\/\/goodwool.shop\/it\/wp-json\/wp\/v2\/media\/2951"}],"wp:attachment":[{"href":"https:\/\/goodwool.shop\/it\/wp-json\/wp\/v2\/media?parent=7836"}],"wp:term":[{"taxonomy":"product_brand","embeddable":true,"href":"https:\/\/goodwool.shop\/it\/wp-json\/wp\/v2\/product_brand?post=7836"},{"taxonomy":"product_cat","embeddable":true,"href":"https:\/\/goodwool.shop\/it\/wp-json\/wp\/v2\/product_cat?post=7836"},{"taxonomy":"product_tag","embeddable":true,"href":"https:\/\/goodwool.shop\/it\/wp-json\/wp\/v2\/product_tag?post=7836"}],"curies":[{"name":"wp","href":"https:\/\/api.w.org\/{rel}","templated":true}]}}