{"id":7108,"date":"2026-03-23T21:30:34","date_gmt":"2026-03-23T21:30:34","guid":{"rendered":"https:\/\/goodwool.shop\/chi-siamo\/"},"modified":"2026-05-15T08:31:01","modified_gmt":"2026-05-15T08:31:01","slug":"chi-siamo","status":"publish","type":"page","link":"https:\/\/goodwool.shop\/it\/chi-siamo\/","title":{"rendered":"Chi siamo"},"content":{"rendered":"\t\t<div data-elementor-type=\"wp-page\" data-elementor-id=\"7108\" class=\"elementor elementor-7108 elementor-4295\" wpc-filter-elementor-widget=\"1\" data-elementor-post-type=\"page\">\n\t\t\t\t<div class=\"elementor-element elementor-element-bda61d5 e-flex e-con-boxed wpr-particle-no wpr-jarallax-no wpr-parallax-no wpr-sticky-section-no wpr-equal-height-no e-con e-parent\" data-id=\"bda61d5\" data-element_type=\"container\" data-e-type=\"container\" data-settings=\"{&quot;background_background&quot;:&quot;classic&quot;}\">\n\t\t\t\t\t<div class=\"e-con-inner\">\n\t\t<div class=\"elementor-element elementor-element-a0659ec e-con-full e-flex wpr-particle-no wpr-jarallax-no wpr-parallax-no wpr-sticky-section-no wpr-equal-height-no e-con e-child\" data-id=\"a0659ec\" data-element_type=\"container\" data-e-type=\"container\">\n\t\t\t\t<div class=\"elementor-element elementor-element-b0d0003 elementor-widget elementor-widget-heading\" data-id=\"b0d0003\" data-element_type=\"widget\" data-e-type=\"widget\" data-widget_type=\"heading.default\">\n\t\t\t\t\t<h1 class=\"elementor-heading-title elementor-size-default\">Il Goodwool Shop \u2013 Dove la qualit\u00e0 incontra il cuore<\/h1>\t\t\t\t<\/div>\n\t\t\t\t<div class=\"elementor-element elementor-element-e40babd elementor-widget__width-inherit elementor-widget elementor-widget-text-editor\" data-id=\"e40babd\" data-element_type=\"widget\" data-e-type=\"widget\" data-widget_type=\"text-editor.default\">\n\t\t\t\t\t\t\t\t\t<p>Benvenuto nel Good Wool Shop \u2013 il tuo luogo per lana di alta qualit\u00e0, lavori a mano creativi e materiali consapevoli. Per tutti coloro che non vogliono scendere a compromessi quando lavorano a maglia o all&#8217;uncinetto: n\u00e9 sulla qualit\u00e0 del filato, n\u00e9 sull&#8217;emozione che c&#8217;\u00e8 dietro. <\/p>\t\t\t\t\t\t\t\t<\/div>\n\t\t\t\t<\/div>\n\t\t\t\t\t<\/div>\n\t\t\t\t<\/div>\n\t\t<div class=\"elementor-element elementor-element-17e49bc e-flex e-con-boxed wpr-particle-no wpr-jarallax-no wpr-parallax-no wpr-sticky-section-no wpr-equal-height-no e-con e-parent\" data-id=\"17e49bc\" data-element_type=\"container\" data-e-type=\"container\" data-settings=\"{&quot;background_background&quot;:&quot;classic&quot;}\">\n\t\t\t\t\t<div class=\"e-con-inner\">\n\t\t<div class=\"elementor-element elementor-element-0cf07dc e-con-full e-flex wpr-particle-no wpr-jarallax-no wpr-parallax-no wpr-sticky-section-no wpr-equal-height-no e-con e-child\" data-id=\"0cf07dc\" data-element_type=\"container\" data-e-type=\"container\">\n\t\t\t\t<div class=\"elementor-element elementor-element-aad2d85 elementor-widget elementor-widget-image\" data-id=\"aad2d85\" data-element_type=\"widget\" data-e-type=\"widget\" data-widget_type=\"image.default\">\n\t\t\t\t\t\t\t\t\t\t\t\t\t\t\t<img fetchpriority=\"high\" decoding=\"async\" width=\"747\" height=\"996\" src=\"https:\/\/goodwool.shop\/wp-content\/uploads\/2026\/04\/da82a29c62cd675436661b6b6bb34f72.jpg\" class=\"attachment-medium_large size-medium_large wp-image-7063\" alt=\"\" srcset=\"https:\/\/goodwool.shop\/wp-content\/uploads\/2026\/04\/da82a29c62cd675436661b6b6bb34f72.jpg 747w, https:\/\/goodwool.shop\/wp-content\/uploads\/2026\/04\/da82a29c62cd675436661b6b6bb34f72-225x300.jpg 225w\" sizes=\"(max-width: 747px) 100vw, 747px\" \/>\t\t\t\t\t\t\t\t\t\t\t\t\t\t\t<\/div>\n\t\t<div class=\"elementor-element elementor-element-33a064f e-con-full e-flex wpr-particle-no wpr-jarallax-no wpr-parallax-no wpr-sticky-section-no wpr-equal-height-no e-con e-child\" data-id=\"33a064f\" data-element_type=\"container\" data-e-type=\"container\">\n\t\t\t\t<div class=\"elementor-element elementor-element-597d8ed elementor-widget elementor-widget-text-editor\" data-id=\"597d8ed\" data-element_type=\"widget\" data-e-type=\"widget\" data-widget_type=\"text-editor.default\">\n\t\t\t\t\t\t\t\t\t<h2 class=\"elementor-heading-title elementor-size-default\">La nostra storia<\/h2>\t\t\t\t\t\t\t\t<\/div>\n\t\t\t\t<div class=\"elementor-element elementor-element-fba1045 elementor-widget elementor-widget-text-editor\" data-id=\"fba1045\" data-element_type=\"widget\" data-e-type=\"widget\" data-widget_type=\"text-editor.default\">\n\t\t\t\t\t\t\t\t\t<div class=\"elementor-element elementor-element-96a7b76 elementor-widget elementor-widget-text-editor\" data-id=\"96a7b76\" data-element_type=\"widget\" data-e-type=\"widget\" data-widget_type=\"text-editor.default\"><p data-start=\"124\" data-end=\"376\">Good Wool Shop \u00e8 stato creato per persone che amano i lavori a mano tranquilli e creativi. Dall&#8217;amore per il lavoro a maglia e l&#8217;uncinetto \u00e8 nato un luogo dove si incontrano lana di alta qualit\u00e0, texture naturali e design ben studiato. <\/p><p data-start=\"378\" data-end=\"583\">Crediamo che ogni bel progetto inizi con il materiale giusto. Per questo selezioniamo con cura le nostre lane e i nostri filati \u2013 morbidi al tatto, durevoli nella qualit\u00e0 e piacevoli ad ogni punto. <\/p><p data-start=\"585\" data-end=\"727\">Il nostro negozio \u00e8 fatto per tutti coloro che apprezzano la creativit\u00e0, il comfort e i piccoli dettagli che trasformano la semplice lana in qualcosa di personale.<\/p><\/div>\t\t\t\t\t\t\t\t<\/div>\n\t\t\t\t<\/div>\n\t\t\t\t<\/div>\n\t\t\t\t\t<\/div>\n\t\t\t\t<\/div>\n\t\t<div class=\"elementor-element elementor-element-85bb3ae e-flex e-con-boxed wpr-particle-no wpr-jarallax-no wpr-parallax-no wpr-sticky-section-no wpr-equal-height-no e-con e-parent\" data-id=\"85bb3ae\" data-element_type=\"container\" data-e-type=\"container\" data-settings=\"{&quot;background_background&quot;:&quot;classic&quot;}\">\n\t\t\t\t\t<div class=\"e-con-inner\">\n\t\t<div class=\"elementor-element elementor-element-3b1b55d e-con-full e-flex wpr-particle-no wpr-jarallax-no wpr-parallax-no wpr-sticky-section-no wpr-equal-height-no e-con e-child\" data-id=\"3b1b55d\" data-element_type=\"container\" data-e-type=\"container\">\n\t\t\t\t<div class=\"elementor-element elementor-element-e917ef7 elementor-widget elementor-widget-image\" data-id=\"e917ef7\" data-element_type=\"widget\" data-e-type=\"widget\" data-widget_type=\"image.default\">\n\t\t\t\t\t\t\t\t\t\t\t\t\t\t\t<img decoding=\"async\" width=\"768\" height=\"1035\" src=\"https:\/\/goodwool.shop\/wp-content\/uploads\/2026\/04\/rocknwool-FQi7FgB6GRo-unsplash-768x1035.jpg\" class=\"attachment-medium_large size-medium_large wp-image-7061\" alt=\"\" srcset=\"https:\/\/goodwool.shop\/wp-content\/uploads\/2026\/04\/rocknwool-FQi7FgB6GRo-unsplash-768x1035.jpg 768w, https:\/\/goodwool.shop\/wp-content\/uploads\/2026\/04\/rocknwool-FQi7FgB6GRo-unsplash-223x300.jpg 223w, https:\/\/goodwool.shop\/wp-content\/uploads\/2026\/04\/rocknwool-FQi7FgB6GRo-unsplash-760x1024.jpg 760w, https:\/\/goodwool.shop\/wp-content\/uploads\/2026\/04\/rocknwool-FQi7FgB6GRo-unsplash-1140x1536.jpg 1140w, https:\/\/goodwool.shop\/wp-content\/uploads\/2026\/04\/rocknwool-FQi7FgB6GRo-unsplash-1519x2048.jpg 1519w, https:\/\/goodwool.shop\/wp-content\/uploads\/2026\/04\/rocknwool-FQi7FgB6GRo-unsplash-800x1078.jpg 800w, https:\/\/goodwool.shop\/wp-content\/uploads\/2026\/04\/rocknwool-FQi7FgB6GRo-unsplash-scaled.jpg 1899w\" sizes=\"(max-width: 768px) 100vw, 768px\" \/>\t\t\t\t\t\t\t\t\t\t\t\t\t\t\t<\/div>\n\t\t<div class=\"elementor-element elementor-element-a3340bb e-con-full e-flex wpr-particle-no wpr-jarallax-no wpr-parallax-no wpr-sticky-section-no wpr-equal-height-no e-con e-child\" data-id=\"a3340bb\" data-element_type=\"container\" data-e-type=\"container\">\n\t\t\t\t<div class=\"elementor-element elementor-element-9e6c30c elementor-widget elementor-widget-text-editor\" data-id=\"9e6c30c\" data-element_type=\"widget\" data-e-type=\"widget\" data-widget_type=\"text-editor.default\">\n\t\t\t\t\t\t\t\t\t<h2 class=\"elementor-heading-title elementor-size-default\">La nostra qualit\u00e0<\/h2>\t\t\t\t\t\t\t\t<\/div>\n\t\t\t\t<div class=\"elementor-element elementor-element-6bf0412 elementor-widget elementor-widget-text-editor\" data-id=\"6bf0412\" data-element_type=\"widget\" data-e-type=\"widget\" data-widget_type=\"text-editor.default\">\n\t\t\t\t\t\t\t\t\t<div class=\"elementor-element elementor-element-96a7b76 elementor-widget elementor-widget-text-editor\" data-id=\"96a7b76\" data-element_type=\"widget\" data-e-type=\"widget\" data-widget_type=\"text-editor.default\"><p data-start=\"778\" data-end=\"1070\">Ogni filato nel nostro assortimento \u00e8 selezionato pensando alla sensazione, alla durata e alla lavorazione. Dalle fibre morbide per l&#8217;uso quotidiano ai filati speciali per progetti del cuore \u2013 il nostro obiettivo \u00e8 offrire materiali che siano piacevoli al tatto e che rendano bello il tuo lavoro. <\/p><p data-start=\"1072\" data-end=\"1352\">Diamo valore alle tonalit\u00e0 naturali, alle texture senza tempo e ai prodotti che supportano sia i principianti che gli esperti amanti dei lavori a mano. Che tu stia lavorando a maglia una sciarpa, all&#8217;uncinetto una coperta o iniziando qualcosa di completamente nuovo \u2013 i nostri filati ti aiuteranno a creare con fiducia. <\/p><p data-start=\"1354\" data-end=\"1522\">Per noi, la qualit\u00e0 non significa solo come appare la lana. La qualit\u00e0 si manifesta in come si sente, come si lavora e quanto a lungo sar\u00e0 amata. <\/p><\/div>\t\t\t\t\t\t\t\t<\/div>\n\t\t\t\t<\/div>\n\t\t\t\t<\/div>\n\t\t\t\t\t<\/div>\n\t\t\t\t<\/div>\n\t\t<div class=\"elementor-element elementor-element-adfc855 e-flex e-con-boxed wpr-particle-no wpr-jarallax-no wpr-parallax-no wpr-sticky-section-no wpr-equal-height-no e-con e-parent\" data-id=\"adfc855\" data-element_type=\"container\" data-e-type=\"container\" data-settings=\"{&quot;background_background&quot;:&quot;classic&quot;}\">\n\t\t\t\t\t<div class=\"e-con-inner\">\n\t\t<div class=\"elementor-element elementor-element-7592ff7 e-con-full e-flex wpr-particle-no wpr-jarallax-no wpr-parallax-no wpr-sticky-section-no wpr-equal-height-no e-con e-child\" data-id=\"7592ff7\" data-element_type=\"container\" data-e-type=\"container\">\n\t\t\t\t<div class=\"elementor-element elementor-element-4a66cf1 elementor-widget elementor-widget-image\" data-id=\"4a66cf1\" data-element_type=\"widget\" data-e-type=\"widget\" data-widget_type=\"image.default\">\n\t\t\t\t\t\t\t\t\t\t\t\t\t\t\t<img decoding=\"async\" width=\"768\" height=\"768\" src=\"https:\/\/goodwool.shop\/wp-content\/uploads\/2026\/04\/ChatGPT-Image-Apr-29-2026-01_32_05-PM-768x768.png\" class=\"attachment-medium_large size-medium_large wp-image-7055\" alt=\"\" srcset=\"https:\/\/goodwool.shop\/wp-content\/uploads\/2026\/04\/ChatGPT-Image-Apr-29-2026-01_32_05-PM-768x768.png 768w, https:\/\/goodwool.shop\/wp-content\/uploads\/2026\/04\/ChatGPT-Image-Apr-29-2026-01_32_05-PM-300x300.png 300w, https:\/\/goodwool.shop\/wp-content\/uploads\/2026\/04\/ChatGPT-Image-Apr-29-2026-01_32_05-PM-100x100.png 100w, https:\/\/goodwool.shop\/wp-content\/uploads\/2026\/04\/ChatGPT-Image-Apr-29-2026-01_32_05-PM-800x800.png 800w, https:\/\/goodwool.shop\/wp-content\/uploads\/2026\/04\/ChatGPT-Image-Apr-29-2026-01_32_05-PM-1024x1024.png 1024w, https:\/\/goodwool.shop\/wp-content\/uploads\/2026\/04\/ChatGPT-Image-Apr-29-2026-01_32_05-PM-150x150.png 150w, https:\/\/goodwool.shop\/wp-content\/uploads\/2026\/04\/ChatGPT-Image-Apr-29-2026-01_32_05-PM-50x50.png 50w, https:\/\/goodwool.shop\/wp-content\/uploads\/2026\/04\/elementor\/thumbs\/ChatGPT-Image-Apr-29-2026-01_32_05-PM-rmpvpor39lf1j9o9f10qfyk3a3msu001nthzthf4aw.png 500w, https:\/\/goodwool.shop\/wp-content\/uploads\/2026\/04\/ChatGPT-Image-Apr-29-2026-01_32_05-PM.png 1254w\" sizes=\"(max-width: 768px) 100vw, 768px\" \/>\t\t\t\t\t\t\t\t\t\t\t\t\t\t\t<\/div>\n\t\t<div class=\"elementor-element elementor-element-8fee5c9 e-con-full e-flex wpr-particle-no wpr-jarallax-no wpr-parallax-no wpr-sticky-section-no wpr-equal-height-no e-con e-child\" data-id=\"8fee5c9\" data-element_type=\"container\" data-e-type=\"container\">\n\t\t\t\t<div class=\"elementor-element elementor-element-5567402 elementor-widget elementor-widget-text-editor\" data-id=\"5567402\" data-element_type=\"widget\" data-e-type=\"widget\" data-widget_type=\"text-editor.default\">\n\t\t\t\t\t\t\t\t\t<h2 class=\"elementor-heading-title elementor-size-default\">La nostra promessa<\/h2>\t\t\t\t\t\t\t\t<\/div>\n\t\t\t\t<div class=\"elementor-element elementor-element-03f4e37 elementor-widget elementor-widget-text-editor\" data-id=\"03f4e37\" data-element_type=\"widget\" data-e-type=\"widget\" data-widget_type=\"text-editor.default\">\n\t\t\t\t\t\t\t\t\t<div class=\"elementor-element elementor-element-96a7b76 elementor-widget elementor-widget-text-editor\" data-id=\"96a7b76\" data-element_type=\"widget\" data-e-type=\"widget\" data-widget_type=\"text-editor.default\"><p data-start=\"1575\" data-end=\"1766\">Good Wool Shop \u00e8 pi\u00f9 di un semplice negozio di lana. \u00c8 un luogo tranquillo per persone creative che amano creare qualcosa di proprio con pazienza, cura e amore. <\/p><p data-start=\"1768\" data-end=\"2016\">Vogliamo che ogni cliente si senta ispirato, supportato e sicuro nella scelta dei materiali per il suo prossimo progetto. Per questo offriamo una chiara selezione di prodotti, un servizio cordiale e filati che si adattano al tuo stile e ai tuoi valori. <\/p><p data-start=\"2018\" data-end=\"2161\" data-is-last-node=\"\" data-is-only-node=\"\">Che tu stia creando per te stesso, per la tua casa o per una persona cara \u2013 ti aiuteremo a far iniziare bene ogni progetto.<\/p><\/div>\t\t\t\t\t\t\t\t<\/div>\n\t\t\t\t<\/div>\n\t\t\t\t<\/div>\n\t\t\t\t\t<\/div>\n\t\t\t\t<\/div>\n\t\t\t\t<\/div>\n\t\t","protected":false},"excerpt":{"rendered":"<p>Il Goodwool Shop \u2013 Dove la qualit\u00e0 incontra il cuore Benvenuto nel Good Wool Shop \u2013 il tuo luogo per lana di alta qualit\u00e0, lavori a mano creativi e materiali consapevoli. Per tutti coloro che non vogliono scendere a compromessi quando lavorano a maglia o all&#8217;uncinetto: n\u00e9 sulla qualit\u00e0 del filato, n\u00e9 sull&#8217;emozione che c&#8217;\u00e8 dietro. La nostra storia Good Wool Shop \u00e8 stato creato per persone che amano i lavori a mano tranquilli e creativi. Dall&#8217;amore per il lavoro a maglia e l&#8217;uncinetto \u00e8 nato un luogo dove si incontrano lana di alta qualit\u00e0, texture naturali e design ben studiato. Crediamo che ogni bel progetto inizi con il materiale giusto. Per questo selezioniamo con cura le nostre lane e i nostri filati \u2013 morbidi al tatto, durevoli nella qualit\u00e0 e piacevoli ad ogni punto. Il nostro negozio \u00e8 fatto per tutti coloro che apprezzano la creativit\u00e0, il comfort e i piccoli dettagli che trasformano la semplice lana in qualcosa di personale. La nostra qualit\u00e0 Ogni filato nel nostro assortimento \u00e8 selezionato pensando alla sensazione, alla durata e alla lavorazione. Dalle fibre morbide per l&#8217;uso quotidiano ai filati speciali per progetti del cuore \u2013 il nostro obiettivo \u00e8 offrire materiali che siano piacevoli al tatto e che rendano bello il tuo lavoro. Diamo valore alle tonalit\u00e0 naturali, alle texture senza tempo e ai prodotti che supportano sia i principianti che gli esperti amanti dei lavori a mano. Che tu stia lavorando a maglia una sciarpa, all&#8217;uncinetto una coperta o iniziando qualcosa di completamente nuovo \u2013 i nostri filati ti aiuteranno a creare con fiducia. Per noi, la qualit\u00e0 non significa solo come appare la lana. La qualit\u00e0 si manifesta in come si sente, come si lavora e quanto a lungo sar\u00e0 amata. La nostra promessa Good Wool Shop \u00e8 pi\u00f9 di un semplice negozio di lana. \u00c8 un luogo tranquillo per persone creative che amano creare qualcosa di proprio con pazienza, cura e amore. Vogliamo che ogni cliente si senta ispirato, supportato e sicuro nella scelta dei materiali per il suo prossimo progetto. Per questo offriamo una chiara selezione di prodotti, un servizio cordiale e filati che si adattano al tuo stile e ai tuoi valori. Che tu stia creando per te stesso, per la tua casa o per una persona cara \u2013 ti aiuteremo a far iniziare bene ogni progetto.<\/p>\n","protected":false},"author":1,"featured_media":0,"parent":0,"menu_order":0,"comment_status":"closed","ping_status":"closed","template":"elementor_header_footer","meta":{"footnotes":""},"class_list":["post-7108","page","type-page","status-publish","hentry"],"blocksy_meta":[],"aioseo_notices":[],"_hostinger_reach_plugin_has_subscription_block":false,"_hostinger_reach_plugin_is_elementor":false,"_links":{"self":[{"href":"https:\/\/goodwool.shop\/it\/wp-json\/wp\/v2\/pages\/7108","targetHints":{"allow":["GET"]}}],"collection":[{"href":"https:\/\/goodwool.shop\/it\/wp-json\/wp\/v2\/pages"}],"about":[{"href":"https:\/\/goodwool.shop\/it\/wp-json\/wp\/v2\/types\/page"}],"author":[{"embeddable":true,"href":"https:\/\/goodwool.shop\/it\/wp-json\/wp\/v2\/users\/1"}],"replies":[{"embeddable":true,"href":"https:\/\/goodwool.shop\/it\/wp-json\/wp\/v2\/comments?post=7108"}],"version-history":[{"count":2,"href":"https:\/\/goodwool.shop\/it\/wp-json\/wp\/v2\/pages\/7108\/revisions"}],"predecessor-version":[{"id":10416,"href":"https:\/\/goodwool.shop\/it\/wp-json\/wp\/v2\/pages\/7108\/revisions\/10416"}],"wp:attachment":[{"href":"https:\/\/goodwool.shop\/it\/wp-json\/wp\/v2\/media?parent=7108"}],"curies":[{"name":"wp","href":"https:\/\/api.w.org\/{rel}","templated":true}]}}