{"id":7103,"date":"2024-02-08T07:14:59","date_gmt":"2024-02-08T07:14:59","guid":{"rendered":"https:\/\/goodwool.shop\/blog\/"},"modified":"2026-05-14T09:17:42","modified_gmt":"2026-05-14T09:17:42","slug":"blog","status":"publish","type":"page","link":"https:\/\/goodwool.shop\/it\/blog\/","title":{"rendered":"Blog"},"content":{"rendered":"\t\t<div data-elementor-type=\"wp-page\" data-elementor-id=\"7103\" class=\"elementor elementor-7103 elementor-4594\" wpc-filter-elementor-widget=\"1\" data-elementor-post-type=\"page\">\n\t\t\t\t<div class=\"elementor-element elementor-element-3bc488c e-flex e-con-boxed wpr-particle-no wpr-jarallax-no wpr-parallax-no wpr-sticky-section-no wpr-equal-height-no e-con e-parent\" data-id=\"3bc488c\" data-element_type=\"container\" data-e-type=\"container\" data-settings=\"{&quot;background_background&quot;:&quot;classic&quot;,&quot;animation&quot;:&quot;none&quot;}\">\n\t\t\t\t\t<div class=\"e-con-inner\">\n\t\t\t\t\t<\/div>\n\t\t\t\t<\/div>\n\t\t<div class=\"elementor-element elementor-element-c17107d e-flex e-con-boxed wpr-particle-no wpr-jarallax-no wpr-parallax-no wpr-sticky-section-no wpr-equal-height-no e-con e-parent\" data-id=\"c17107d\" data-element_type=\"container\" data-e-type=\"container\">\n\t\t\t\t\t<div class=\"e-con-inner\">\n\t\t\t\t<div class=\"elementor-element elementor-element-85c1151 elementor-widget elementor-widget-taxonomy-filter\" data-id=\"85c1151\" data-element_type=\"widget\" data-e-type=\"widget\" data-settings=\"{&quot;selected_element&quot;:&quot;93bbb11&quot;,&quot;taxonomy&quot;:&quot;category&quot;,&quot;item_alignment_horizontal&quot;:&quot;center&quot;,&quot;multiple_selection&quot;:&quot;no&quot;,&quot;horizontal_scroll&quot;:&quot;disable&quot;}\" data-widget_type=\"taxonomy-filter.default\">\n\t\t\t\t\t\t\t<search class=\"e-filter\" role=\"search\" data-base-url=\"https:\/\/goodwool.shop\/it\/\" data-page-num=\"1\">\n\t\t\t\t\t\t\t<button class=\"e-filter-item\" data-filter=\"senza-categoria\" aria-pressed=\"false\">Senza categoria<\/button>\n\t\t\t\n\t\t\t\t\t\t\t\t\t<button class=\"e-filter-item\" data-filter=\"__all\" aria-pressed=\"true\">\n\t\t\t\tTutti\t\t\t<\/button>\n\t\t\t\t\t<\/search>\n\t\t\t\t\t\t<\/div>\n\t\t\t\t<div class=\"elementor-element elementor-element-d8494f1 elementor-widget-divider--view-line elementor-widget elementor-widget-divider\" data-id=\"d8494f1\" data-element_type=\"widget\" data-e-type=\"widget\" data-widget_type=\"divider.default\">\n\t\t\t\t\t\t\t<div class=\"elementor-divider\">\n\t\t\t<span class=\"elementor-divider-separator\">\n\t\t\t\t\t\t<\/span>\n\t\t<\/div>\n\t\t\t\t\t\t<\/div>\n\t\t\t\t<div class=\"bapf_products_apply_filters elementor-element elementor-element-93bbb11 elementor-widget__width-initial elementor-grid-3 elementor-grid-tablet-2 elementor-grid-mobile-1 elementor-widget elementor-widget-loop-grid\" data-id=\"93bbb11\" data-element_type=\"widget\" data-e-type=\"widget\" data-settings=\"{&quot;template_id&quot;:5759,&quot;pagination_type&quot;:&quot;numbers_and_prev_next&quot;,&quot;_skin&quot;:&quot;post&quot;,&quot;columns&quot;:&quot;3&quot;,&quot;columns_tablet&quot;:&quot;2&quot;,&quot;columns_mobile&quot;:&quot;1&quot;,&quot;edit_handle_selector&quot;:&quot;[data-elementor-type=\\&quot;loop-item\\&quot;]&quot;,&quot;pagination_load_type&quot;:&quot;page_reload&quot;,&quot;row_gap&quot;:{&quot;unit&quot;:&quot;px&quot;,&quot;size&quot;:&quot;&quot;,&quot;sizes&quot;:[]},&quot;row_gap_tablet&quot;:{&quot;unit&quot;:&quot;px&quot;,&quot;size&quot;:&quot;&quot;,&quot;sizes&quot;:[]},&quot;row_gap_mobile&quot;:{&quot;unit&quot;:&quot;px&quot;,&quot;size&quot;:&quot;&quot;,&quot;sizes&quot;:[]}}\" data-widget_type=\"loop-grid.post\">\n\t\t\t\t<div class=\"elementor-widget-container\">\n\t\t\t\t\t\t\t<div class=\"elementor-loop-container elementor-grid\" role=\"list\">\n\t\t<style id=\"loop-5759\">.elementor-5759 .elementor-element.elementor-element-82a7734{--display:flex;--min-height:0px;--border-radius:20px 20px 20px 20px;}.elementor-5759 .elementor-element.elementor-element-82a7734:not(.elementor-motion-effects-element-type-background), .elementor-5759 .elementor-element.elementor-element-82a7734 > .elementor-motion-effects-container > .elementor-motion-effects-layer{background-color:var( --e-global-color-blocksy_palette_8 );}.elementor-5759 .elementor-element.elementor-element-6ddad70 img{max-width:100%;}.elementor-5759 .elementor-element.elementor-element-6ddad70{width:var( --container-widget-width, 100.004% );max-width:100.004%;--container-widget-width:100.004%;--container-widget-flex-grow:0;}.elementor-5759 .elementor-element.elementor-element-6ddad70.elementor-element{--flex-grow:0;--flex-shrink:0;}.elementor-5759 .elementor-element.elementor-element-f8eb0fe{text-align:start;}.elementor-5759 .elementor-element.elementor-element-f8eb0fe .elementor-heading-title{font-size:20px;font-weight:bold;text-transform:uppercase;line-height:25px;color:var( --e-global-color-blocksy_palette_3 );}.elementor-5759 .elementor-element.elementor-element-9fe1357{font-family:\"Inter\", Sans-serif;font-size:14px;font-weight:normal;color:var( --e-global-color-blocksy_palette_3 );}@media(min-width:690px){.elementor-5759 .elementor-element.elementor-element-82a7734{--content-width:1273px;}}<\/style>\t\t<div data-elementor-type=\"loop-item\" data-elementor-id=\"5759\" class=\"elementor elementor-5759 e-loop-item e-loop-item-7128 post-7128 post type-post status-publish format-standard has-post-thumbnail hentry category-senza-categoria\" wpc-filter-elementor-widget=\"1\" data-elementor-post-type=\"elementor_library\" data-custom-edit-handle=\"1\">\n\t\t\t<div class=\"elementor-element elementor-element-82a7734 e-flex e-con-boxed wpr-particle-no wpr-jarallax-no wpr-parallax-no wpr-sticky-section-no wpr-equal-height-no e-con e-parent\" data-id=\"82a7734\" data-element_type=\"container\" data-e-type=\"container\" data-settings=\"{&quot;background_background&quot;:&quot;classic&quot;}\">\n\t\t\t\t\t<div class=\"e-con-inner\">\n\t\t\t\t<div class=\"elementor-element elementor-element-6ddad70 elementor-widget__width-initial elementor-widget elementor-widget-theme-post-featured-image elementor-widget-image\" data-id=\"6ddad70\" data-element_type=\"widget\" data-e-type=\"widget\" data-settings=\"{&quot;_animation&quot;:&quot;none&quot;}\" data-widget_type=\"theme-post-featured-image.default\">\n\t\t\t\t\t\t\t\t\t\t\t\t\t\t\t\t<a href=\"https:\/\/goodwool.shop\/it\/la-cura-corretta-del-cashmere-6-trucchi-professionali\/\">\n\t\t\t\t\t\t\t<img fetchpriority=\"high\" decoding=\"async\" width=\"768\" height=\"576\" src=\"https:\/\/goodwool.shop\/wp-content\/uploads\/2026\/03\/Vegane_Socken_ohne_Plastik_Ein_Experiment_-_Titel_998550d0-38dd-46b1-9165-e46f1fddbf98-768x576.webp\" class=\"elementor-animation-grow attachment-medium_large size-medium_large wp-image-7125\" alt=\"\" srcset=\"https:\/\/goodwool.shop\/wp-content\/uploads\/2026\/03\/Vegane_Socken_ohne_Plastik_Ein_Experiment_-_Titel_998550d0-38dd-46b1-9165-e46f1fddbf98-768x576.webp 768w, https:\/\/goodwool.shop\/wp-content\/uploads\/2026\/03\/Vegane_Socken_ohne_Plastik_Ein_Experiment_-_Titel_998550d0-38dd-46b1-9165-e46f1fddbf98-300x225.webp 300w, https:\/\/goodwool.shop\/wp-content\/uploads\/2026\/03\/Vegane_Socken_ohne_Plastik_Ein_Experiment_-_Titel_998550d0-38dd-46b1-9165-e46f1fddbf98-1024x768.webp 1024w, https:\/\/goodwool.shop\/wp-content\/uploads\/2026\/03\/Vegane_Socken_ohne_Plastik_Ein_Experiment_-_Titel_998550d0-38dd-46b1-9165-e46f1fddbf98-1536x1152.webp 1536w, https:\/\/goodwool.shop\/wp-content\/uploads\/2026\/03\/Vegane_Socken_ohne_Plastik_Ein_Experiment_-_Titel_998550d0-38dd-46b1-9165-e46f1fddbf98-2048x1536.webp 2048w, https:\/\/goodwool.shop\/wp-content\/uploads\/2026\/03\/Vegane_Socken_ohne_Plastik_Ein_Experiment_-_Titel_998550d0-38dd-46b1-9165-e46f1fddbf98-800x600.webp 800w\" sizes=\"(max-width: 768px) 100vw, 768px\" \/>\t\t\t\t\t\t\t\t<\/a>\n\t\t\t\t\t\t\t\t\t\t\t\t\t\t\t<\/div>\n\t\t\t\t<div class=\"elementor-element elementor-element-f8eb0fe elementor-widget elementor-widget-theme-post-title elementor-page-title elementor-widget-heading\" data-id=\"f8eb0fe\" data-element_type=\"widget\" data-e-type=\"widget\" data-widget_type=\"theme-post-title.default\">\n\t\t\t\t\t<h1 class=\"elementor-heading-title elementor-size-default\"><a href=\"https:\/\/goodwool.shop\/it\/la-cura-corretta-del-cashmere-6-trucchi-professionali\/\">La cura corretta del cashmere \u2013 6 trucchi professionali<\/a><\/h1>\t\t\t\t<\/div>\n\t\t\t\t<div class=\"elementor-element elementor-element-9fe1357 elementor-widget elementor-widget-theme-post-excerpt\" data-id=\"9fe1357\" data-element_type=\"widget\" data-e-type=\"widget\" data-widget_type=\"theme-post-excerpt.default\">\n\t\t\t\t\t<p>Il cashmere \u00e8 sostenibile, riscalda piacevolmente e rappresenta la massima qualit\u00e0. Ma come si cura correttamente? L&#8217;esperta Andrea Karg rivela i suoi 6 migliori trucchi. Perch\u00e9 il cashmere \u00e8 cos\u00ec\t\t\t\t<\/div>\n\t\t\t\t\t<\/div>\n\t\t\t\t<\/div>\n\t\t\t\t<\/div>\n\t\t\t\t<div data-elementor-type=\"loop-item\" data-elementor-id=\"5759\" class=\"elementor elementor-5759 e-loop-item e-loop-item-7130 post-7130 post type-post status-publish format-standard has-post-thumbnail hentry category-senza-categoria\" wpc-filter-elementor-widget=\"1\" data-elementor-post-type=\"elementor_library\" data-custom-edit-handle=\"1\">\n\t\t\t<div class=\"elementor-element elementor-element-82a7734 e-flex e-con-boxed wpr-particle-no wpr-jarallax-no wpr-parallax-no wpr-sticky-section-no wpr-equal-height-no e-con e-parent\" data-id=\"82a7734\" data-element_type=\"container\" data-e-type=\"container\" data-settings=\"{&quot;background_background&quot;:&quot;classic&quot;}\">\n\t\t\t\t\t<div class=\"e-con-inner\">\n\t\t\t\t<div class=\"elementor-element elementor-element-6ddad70 elementor-widget__width-initial elementor-widget elementor-widget-theme-post-featured-image elementor-widget-image\" data-id=\"6ddad70\" data-element_type=\"widget\" data-e-type=\"widget\" data-settings=\"{&quot;_animation&quot;:&quot;none&quot;}\" data-widget_type=\"theme-post-featured-image.default\">\n\t\t\t\t\t\t\t\t\t\t\t\t\t\t\t\t<a href=\"https:\/\/goodwool.shop\/it\/cura-del-cashmere-e-delle-lane-pregiate-la-guida-definitiva\/\">\n\t\t\t\t\t\t\t<img decoding=\"async\" width=\"768\" height=\"576\" src=\"https:\/\/goodwool.shop\/wp-content\/uploads\/2026\/03\/Titel_7b923035-43fb-49c5-a4fb-10e34f42dff5-1-768x576.webp\" class=\"elementor-animation-grow attachment-medium_large size-medium_large wp-image-7040\" alt=\"\" srcset=\"https:\/\/goodwool.shop\/wp-content\/uploads\/2026\/03\/Titel_7b923035-43fb-49c5-a4fb-10e34f42dff5-1-768x576.webp 768w, https:\/\/goodwool.shop\/wp-content\/uploads\/2026\/03\/Titel_7b923035-43fb-49c5-a4fb-10e34f42dff5-1-300x225.webp 300w, https:\/\/goodwool.shop\/wp-content\/uploads\/2026\/03\/Titel_7b923035-43fb-49c5-a4fb-10e34f42dff5-1-800x600.webp 800w, https:\/\/goodwool.shop\/wp-content\/uploads\/2026\/03\/Titel_7b923035-43fb-49c5-a4fb-10e34f42dff5-1.webp 1024w\" sizes=\"(max-width: 768px) 100vw, 768px\" \/>\t\t\t\t\t\t\t\t<\/a>\n\t\t\t\t\t\t\t\t\t\t\t\t\t\t\t<\/div>\n\t\t\t\t<div class=\"elementor-element elementor-element-f8eb0fe elementor-widget elementor-widget-theme-post-title elementor-page-title elementor-widget-heading\" data-id=\"f8eb0fe\" data-element_type=\"widget\" data-e-type=\"widget\" data-widget_type=\"theme-post-title.default\">\n\t\t\t\t\t<h1 class=\"elementor-heading-title elementor-size-default\"><a href=\"https:\/\/goodwool.shop\/it\/cura-del-cashmere-e-delle-lane-pregiate-la-guida-definitiva\/\">Cura del cashmere e delle lane pregiate \u2013 la guida definitiva<\/a><\/h1>\t\t\t\t<\/div>\n\t\t\t\t<div class=\"elementor-element elementor-element-9fe1357 elementor-widget elementor-widget-theme-post-excerpt\" data-id=\"9fe1357\" data-element_type=\"widget\" data-e-type=\"widget\" data-widget_type=\"theme-post-excerpt.default\">\n\t\t\t\t\t<p>Il cashmere \u00e8 tra i materiali pi\u00f9 pregiati nel mondo della moda. In questa guida scopri tutto sulla cura corretta. Cosa rende speciale il cashmere? Il cashmere si ricava dal\t\t\t\t<\/div>\n\t\t\t\t\t<\/div>\n\t\t\t\t<\/div>\n\t\t\t\t<\/div>\n\t\t\t\t<\/div>\n\t\t\n\t\t\t\t\t\t<\/div>\n\t\t\t\t<\/div>\n\t\t\t\t\t<\/div>\n\t\t\t\t<\/div>\n\t\t<div class=\"elementor-element elementor-element-c1a32cf e-con-full e-flex wpr-particle-no wpr-jarallax-no wpr-parallax-no wpr-sticky-section-no wpr-equal-height-no e-con e-parent\" data-id=\"c1a32cf\" data-element_type=\"container\" data-e-type=\"container\" data-settings=\"{&quot;background_background&quot;:&quot;classic&quot;}\">\n\t\t<div class=\"elementor-element elementor-element-001086d e-con-full e-flex wpr-particle-no wpr-jarallax-no wpr-parallax-no wpr-sticky-section-no wpr-equal-height-no e-con e-child\" data-id=\"001086d\" data-element_type=\"container\" data-e-type=\"container\" data-settings=\"{&quot;background_background&quot;:&quot;classic&quot;}\">\n\t\t\t\t<\/div>\n\t\t<div class=\"elementor-element elementor-element-08c8306 e-con-full e-flex wpr-particle-no wpr-jarallax-no wpr-parallax-no wpr-sticky-section-no wpr-equal-height-no e-con e-child\" data-id=\"08c8306\" data-element_type=\"container\" data-e-type=\"container\" data-settings=\"{&quot;background_background&quot;:&quot;classic&quot;}\">\n\t\t\t\t<div class=\"elementor-element elementor-element-7c03d8e elementor-widget elementor-widget-heading\" data-id=\"7c03d8e\" data-element_type=\"widget\" data-e-type=\"widget\" data-widget_type=\"heading.default\">\n\t\t\t\t\t<h2 class=\"elementor-heading-title elementor-size-default\">Iscriviti alla nostra<br> newsletter<\/h2>\t\t\t\t<\/div>\n\t\t\t\t<div class=\"elementor-element elementor-element-c2c3476 elementor-widget elementor-widget-text-editor\" data-id=\"c2c3476\" data-element_type=\"widget\" data-e-type=\"widget\" data-widget_type=\"text-editor.default\">\n\t\t\t\t\t\t\t\t\t<p>Una breve presentazione degli istruttori del workshop e perch\u00e9 la loro esperienza dovrebbe ispirare fiducia ai potenziali partecipanti.<\/p>\t\t\t\t\t\t\t\t<\/div>\n\t\t\t\t<div class=\"elementor-element elementor-element-2036ef4 elementor-widget__width-initial elementor-widget-tablet__width-inherit elementor-button-align-stretch elementor-widget elementor-widget-form\" data-id=\"2036ef4\" data-element_type=\"widget\" data-e-type=\"widget\" data-settings=\"{&quot;step_next_label&quot;:&quot;Successivo&quot;,&quot;step_previous_label&quot;:&quot;Precedente&quot;,&quot;button_width&quot;:&quot;20&quot;,&quot;step_type&quot;:&quot;number_text&quot;,&quot;step_icon_shape&quot;:&quot;circle&quot;}\" data-widget_type=\"form.default\">\n\t\t\t\t\t\t\t<form class=\"elementor-form\" method=\"post\" name=\"Workshop\" aria-label=\"Workshop\">\n\t\t\t<input type=\"hidden\" name=\"post_id\" value=\"7103\"\/>\n\t\t\t<input type=\"hidden\" name=\"form_id\" value=\"2036ef4\"\/>\n\t\t\t<input type=\"hidden\" name=\"referer_title\" value=\"Blog - goodwool.shop\" \/>\n\n\t\t\t\t\t\t\t<input type=\"hidden\" name=\"queried_id\" value=\"7103\"\/>\n\t\t\t\n\t\t\t<div class=\"elementor-form-fields-wrapper elementor-labels-\">\n\t\t\t\t\t\t\t\t<div class=\"elementor-field-type-email elementor-field-group elementor-column elementor-field-group-email elementor-col-75 elementor-field-required\">\n\t\t\t\t\t\t\t\t\t\t\t\t<label for=\"form-field-email\" class=\"elementor-field-label elementor-screen-only\">\n\t\t\t\t\t\t\t\tEmail\t\t\t\t\t\t\t<\/label>\n\t\t\t\t\t\t\t\t\t\t\t\t\t\t<input size=\"1\" type=\"email\" name=\"form_fields[email]\" id=\"form-field-email\" class=\"elementor-field elementor-size-sm  elementor-field-textual\" placeholder=\"Il tuo indirizzo email\" required=\"required\">\n\t\t\t\t\t\t\t\t\t\t\t<\/div>\n\t\t\t\t\t\t\t\t<div class=\"elementor-field-group elementor-column elementor-field-type-submit elementor-col-20 e-form__buttons\">\n\t\t\t\t\t<button class=\"elementor-button elementor-size-sm elementor-animation-grow\" type=\"submit\">\n\t\t\t\t\t\t<span class=\"elementor-button-content-wrapper\">\n\t\t\t\t\t\t\t\t\t\t\t\t\t\t\t\t\t\t\t\t\t\t<span class=\"elementor-button-text\">Iscriviti<\/span>\n\t\t\t\t\t\t\t\t\t\t\t\t\t<\/span>\n\t\t\t\t\t<\/button>\n\t\t\t\t<\/div>\n\t\t\t<\/div>\n\t\t<\/form>\n\t\t\t\t\t\t<\/div>\n\t\t\t\t<\/div>\n\t\t\t\t<\/div>\n\t\t\t\t<\/div>\n\t\t","protected":false},"excerpt":{"rendered":"<p>Colors Lifestyle Trends Unkategorisiert Tutti Iscriviti alla nostra newsletter Una breve presentazione degli istruttori del workshop e perch\u00e9 la loro esperienza dovrebbe ispirare fiducia ai potenziali partecipanti.<\/p>\n","protected":false},"author":1,"featured_media":0,"parent":0,"menu_order":0,"comment_status":"closed","ping_status":"closed","template":"elementor_header_footer","meta":{"footnotes":""},"class_list":["post-7103","page","type-page","status-publish","hentry"],"blocksy_meta":{"has_hero_section":"disabled","vertical_spacing_source":"custom","content_area_spacing":"none","styles_descriptor":{"styles":{"desktop":"","tablet":"","mobile":""},"google_fonts":[],"version":6}},"aioseo_notices":[],"_hostinger_reach_plugin_has_subscription_block":false,"_hostinger_reach_plugin_is_elementor":false,"_links":{"self":[{"href":"https:\/\/goodwool.shop\/it\/wp-json\/wp\/v2\/pages\/7103","targetHints":{"allow":["GET"]}}],"collection":[{"href":"https:\/\/goodwool.shop\/it\/wp-json\/wp\/v2\/pages"}],"about":[{"href":"https:\/\/goodwool.shop\/it\/wp-json\/wp\/v2\/types\/page"}],"author":[{"embeddable":true,"href":"https:\/\/goodwool.shop\/it\/wp-json\/wp\/v2\/users\/1"}],"replies":[{"embeddable":true,"href":"https:\/\/goodwool.shop\/it\/wp-json\/wp\/v2\/comments?post=7103"}],"version-history":[{"count":1,"href":"https:\/\/goodwool.shop\/it\/wp-json\/wp\/v2\/pages\/7103\/revisions"}],"predecessor-version":[{"id":7105,"href":"https:\/\/goodwool.shop\/it\/wp-json\/wp\/v2\/pages\/7103\/revisions\/7105"}],"wp:attachment":[{"href":"https:\/\/goodwool.shop\/it\/wp-json\/wp\/v2\/media?parent=7103"}],"curies":[{"name":"wp","href":"https:\/\/api.w.org\/{rel}","templated":true}]}}