{"id":8786,"date":"2026-02-23T13:14:29","date_gmt":"2026-02-23T13:14:29","guid":{"rendered":"https:\/\/slategray-albatross-978034.hostingersite.com\/product\/kasmire-6-28-100-kasmirska-vuna\/"},"modified":"2026-02-23T13:14:29","modified_gmt":"2026-02-23T13:14:29","slug":"kasmire-6-28-100-kasmirska-vuna","status":"publish","type":"product","link":"https:\/\/goodwool.shop\/hr\/proizvod\/kasmire-6-28-100-kasmirska-vuna\/","title":{"rendered":"KA\u0160MIRE 6\/28 | 100% ka\u0161mirska vuna"},"content":{"rendered":"<h3><strong>Ka\u0161mira 6\/28 \u2013 Jedna od na\u0161ih najekskluzivnijih pre\u0111a od ka\u0161mira<\/strong><\/h3>\n<p>Na\u0161a pre\u0111a Cashmere 6\/28 je izuzetno visokokvalitetna i ekskluzivna pre\u0111a od \u010diste ka\u0161mirske vune. U <strong>Finoj\/sportskoj debljini<\/strong> idealna je za \u0161irok raspon projekata. <\/p>\n<p>Za na\u0161e ka\u0161mirske tkanine koristimo samo puhasti, \u010de\u0161ljani poddlaka ka\u0161mirske koze. Vlakna potje\u010du od koza s mongolskih visoravni. Pre\u0111a se predje i boji u Italiji \u2013 to\u010dnije u renomiranoj tvornici Cariaggi, koju su djelomi\u010dno u vlasni\u0161tvu Chanel i Brunello Cucinelli.  <\/p>\n<p>Vlakno i proizvodnja ka\u0161mira 6\/28 imaju SFA certifikat. To zna\u010di da se i podrijetlo ka\u0161mirskih vlakana i njihova prerada u predionici odvijaju u skladu sa strogim ekolo\u0161kim, \u017eivotinjskim i dru\u0161tvenim standardima.<\/p>\n<p>Kvalitetu <strong>Cashmere 6\/28<\/strong> mo\u017eete osjetiti od samog prvog boda. Koristimo iznimno fine ka\u0161mirske vlakna promjera <strong>samo 15,5 mikrona<\/strong>. Pre\u0111a je \u0161esterostruka, ugodna za rad i stvara ravnomjeran, elegantan uzorak bodova.  <\/p>\n<p>Cashmere 6\/28 savr\u0161en je izbor za lagane, a ipak tople d\u017eempere i jakne, kao i luksuzne dodatke poput \u0161alova i kapa. Udoban je i topao, izvanredno lagan i iznimno mekan na ko\u017ei. <\/p>\n<h4>Tehni\u010dke specifikacije<\/h4>\n<ul>\n<li><strong>Sastav:<\/strong> 100% ka\u0161mir<\/li>\n<li><strong>Du\u017eina pre\u0111e<\/strong>: 25 g = 112 m<\/li>\n<li><strong>Veli\u010dina igle:<\/strong> 3\u20134 mm<\/li>\n<li><strong>Gusto\u0107a pletenja:<\/strong> 24 o\u010dice, 32 reda (10 x 10 cm)<\/li>\n<li>Debljina pre\u0111e: tanka\/sport<\/li>\n<li><strong>Pakiranje:<\/strong> 25 g kluplje<\/li>\n<\/ul>\n<h4>Podrijetlo<\/h4>\n<ul>\n<li><strong>Vlakno:<\/strong> Mongolska visoravan<\/li>\n<li><strong>Pre\u0111eno i bojeno:<\/strong> Italija (Cariaggi)<\/li>\n<\/ul>\n<h4>Upute za odr\u017eavanje<\/h4>\n<ul>\n<li>Ru\u010dno prati na najvi\u0161e 20 \u00b0C <\/li>\n<li>Su\u0161iti polo\u017eeno<\/li>\n<li>Ne su\u0161iti u su\u0161ilici<\/li>\n<li>Ako je potrebno, pari na niskoj postavci.<\/li>\n<\/ul>\n","protected":false},"excerpt":{"rendered":"<p>Ekskluzivno pre\u0111e od 100% \u010diste ka\u0161mirske vune. 6-pre\u0111a, s finim vlaknima od 15,5 mikrona. Predana u Italiji od strane Cariaggija. 25 g = 112 m. Savr\u0161eno za luksuzne d\u017eempere i dodatke.    <\/p>\n","protected":false},"featured_media":2214,"comment_status":"open","ping_status":"closed","template":"","meta":[],"product_brand":[],"product_cat":[334],"product_tag":[365,399,393,364,375,392,394],"class_list":{"0":"post-8786","1":"product","2":"type-product","3":"status-publish","4":"has-post-thumbnail","6":"product_cat-cista-priroda","7":"product_tag-italija","8":"product_tag-kasmir-2","9":"product_tag-kasmir","10":"product_tag-luksuz","11":"product_tag-odrzivo","12":"product_tag-premium","13":"product_tag-sfa-certificirano","15":"first","16":"instock","17":"shipping-taxable","18":"purchasable","19":"product-type-variable"},"aioseo_notices":[],"_links":{"self":[{"href":"https:\/\/goodwool.shop\/hr\/wp-json\/wp\/v2\/product\/8786","targetHints":{"allow":["GET"]}}],"collection":[{"href":"https:\/\/goodwool.shop\/hr\/wp-json\/wp\/v2\/product"}],"about":[{"href":"https:\/\/goodwool.shop\/hr\/wp-json\/wp\/v2\/types\/product"}],"replies":[{"embeddable":true,"href":"https:\/\/goodwool.shop\/hr\/wp-json\/wp\/v2\/comments?post=8786"}],"version-history":[{"count":0,"href":"https:\/\/goodwool.shop\/hr\/wp-json\/wp\/v2\/product\/8786\/revisions"}],"wp:featuredmedia":[{"embeddable":true,"href":"https:\/\/goodwool.shop\/hr\/wp-json\/wp\/v2\/media\/2214"}],"wp:attachment":[{"href":"https:\/\/goodwool.shop\/hr\/wp-json\/wp\/v2\/media?parent=8786"}],"wp:term":[{"taxonomy":"product_brand","embeddable":true,"href":"https:\/\/goodwool.shop\/hr\/wp-json\/wp\/v2\/product_brand?post=8786"},{"taxonomy":"product_cat","embeddable":true,"href":"https:\/\/goodwool.shop\/hr\/wp-json\/wp\/v2\/product_cat?post=8786"},{"taxonomy":"product_tag","embeddable":true,"href":"https:\/\/goodwool.shop\/hr\/wp-json\/wp\/v2\/product_tag?post=8786"}],"curies":[{"name":"wp","href":"https:\/\/api.w.org\/{rel}","templated":true}]}}