{"id":8767,"date":"2026-02-23T13:37:23","date_gmt":"2026-02-23T13:37:23","guid":{"rendered":"https:\/\/slategray-albatross-978034.hostingersite.com\/product\/cashmere-delizia-100-kasmirska-vuna\/"},"modified":"2026-02-23T13:37:23","modified_gmt":"2026-02-23T13:37:23","slug":"cashmere-delizia-100-kasmirska-vuna","status":"publish","type":"product","link":"https:\/\/goodwool.shop\/hr\/proizvod\/cashmere-delizia-100-kasmirska-vuna\/","title":{"rendered":"CASHMERE DELIZIA | 100% ka\u0161mirska vuna"},"content":{"rendered":"<h3>Cashmere Delizia \u2013 senzualni u\u017eitak od ka\u0161mira<\/h3>\n<p>Naziv <strong>Delizia<\/strong> potje\u010de iz talijanskog jezika i zna\u010di &#8216;u\u017eitak&#8217; ili &#8216;delikatesa&#8217; \u2013 i upravo to ova pre\u0111a jest: pravi u\u017eitak za sva osjetila. <strong>Cashmere Delizia<\/strong> jedna je od na\u0161ih najfinijih pre\u0111a i kombinira <strong>luksuznu meko\u0107u<\/strong> s inovativnom konstrukcijom koja je \u010dini jedinstvenom.<\/p>\n<p>Ova inovativna <strong>chenille pre\u0111a<\/strong> od \u010distog ka\u0161mira \u2013 za razliku od tradicionalnih osnovnih pre\u0111a \u2013 izra\u0111ena je izravno od prediva. Razvio ju je <strong>g. Cariaggi<\/strong>, vlasnik istoimenog predionog pogona u Italiji, koji je <strong>djelomi\u010dno u vlasni\u0161tvu Chane\u013ea i Brunella Cucinellija<\/strong>. <\/p>\n<p><strong>Cashmere Delizia<\/strong> izra\u0111en je isklju\u010divo od finog <strong>poddlake kasmirske koze<\/strong>. Vlakna potje\u010du od koza <strong>s mongolskih visoravni<\/strong>. Vlakno i cijeli proizvodni proces imaju SFA certifikat.  <\/p>\n<p>Zahvaljuju\u0107i svojoj posebnoj \u010denilnoj konstrukciji, pre\u0111a je izuzetno lagana, a opet voluminozna. Te\u017eina pre\u0111e odgovara worsted te\u017eini s 12 WPI. <\/p>\n<h4>Tehni\u010dke specifikacije<\/h4>\n<ul>\n<li><strong>Sastav:<\/strong> 100% ka\u0161mirska vuna (\u010denila)<\/li>\n<li><strong>Du\u017eina pre\u0111e:<\/strong> 25 g = otprilike 90 m<\/li>\n<li><strong>Veli\u010dina igle:<\/strong> 5 mm<\/li>\n<li><strong>Muster<\/strong>: 18 o\u010dica, 24 reda (10&#215;10 cm)<\/li>\n<li>Debljina pre\u0111e: Worsted (12 WPI)<\/li>\n<li><strong>Pakiranje:<\/strong> 25 g kluplje<\/li>\n<\/ul>\n<h4>Podrijetlo<\/h4>\n<ul>\n<li><strong>Vlakno:<\/strong> Mongolska visoravan<\/li>\n<li><strong>Pre\u0111eno i bojeno:<\/strong> Italija (Cariaggi)<\/li>\n<\/ul>\n<h4>Upute za odr\u017eavanje<\/h4>\n<ul>\n<li>Ru\u010dno prati na najvi\u0161e 20 \u00b0C <\/li>\n<li>Su\u0161iti polo\u017eeno<\/li>\n<li>Ne su\u0161iti u su\u0161ilici<\/li>\n<\/ul>\n","protected":false},"excerpt":{"rendered":"<p>Luksuzna \u010denilna pre\u0111a od 100% \u010diste ka\u0161mirske vune. Inovativno razvijena od strane Cariaggija u Italiji. Izuzetno lagana i voluminozna. Klije\u0161tica od 25 g.   <\/p>\n","protected":false},"featured_media":2268,"comment_status":"open","ping_status":"closed","template":"","meta":[],"product_brand":[],"product_cat":[334],"product_tag":[316,365,399,393,364,392,394],"class_list":{"0":"post-8767","1":"product","2":"type-product","3":"status-publish","4":"has-post-thumbnail","6":"product_cat-cista-priroda","7":"product_tag-chenille","8":"product_tag-italija","9":"product_tag-kasmir-2","10":"product_tag-kasmir","11":"product_tag-luksuz","12":"product_tag-premium","13":"product_tag-sfa-certificirano","15":"first","16":"instock","17":"shipping-taxable","18":"purchasable","19":"product-type-variable"},"aioseo_notices":[],"_links":{"self":[{"href":"https:\/\/goodwool.shop\/hr\/wp-json\/wp\/v2\/product\/8767","targetHints":{"allow":["GET"]}}],"collection":[{"href":"https:\/\/goodwool.shop\/hr\/wp-json\/wp\/v2\/product"}],"about":[{"href":"https:\/\/goodwool.shop\/hr\/wp-json\/wp\/v2\/types\/product"}],"replies":[{"embeddable":true,"href":"https:\/\/goodwool.shop\/hr\/wp-json\/wp\/v2\/comments?post=8767"}],"version-history":[{"count":0,"href":"https:\/\/goodwool.shop\/hr\/wp-json\/wp\/v2\/product\/8767\/revisions"}],"wp:featuredmedia":[{"embeddable":true,"href":"https:\/\/goodwool.shop\/hr\/wp-json\/wp\/v2\/media\/2268"}],"wp:attachment":[{"href":"https:\/\/goodwool.shop\/hr\/wp-json\/wp\/v2\/media?parent=8767"}],"wp:term":[{"taxonomy":"product_brand","embeddable":true,"href":"https:\/\/goodwool.shop\/hr\/wp-json\/wp\/v2\/product_brand?post=8767"},{"taxonomy":"product_cat","embeddable":true,"href":"https:\/\/goodwool.shop\/hr\/wp-json\/wp\/v2\/product_cat?post=8767"},{"taxonomy":"product_tag","embeddable":true,"href":"https:\/\/goodwool.shop\/hr\/wp-json\/wp\/v2\/product_tag?post=8767"}],"curies":[{"name":"wp","href":"https:\/\/api.w.org\/{rel}","templated":true}]}}