{"id":8193,"date":"2026-02-23T19:30:16","date_gmt":"2026-02-23T19:30:16","guid":{"rendered":"https:\/\/goodwool.shop\/product\/alpawool-baby-100-dk-baby-alpaka-vuna-prirodno-zuta-melange-300-g\/"},"modified":"2026-02-23T19:30:16","modified_gmt":"2026-02-23T19:30:16","slug":"alpawool-baby-100-dk-baby-alpaka-vuna-prirodno-zuta-melange-300-g","status":"publish","type":"product","link":"https:\/\/goodwool.shop\/hr\/proizvod\/alpawool-baby-100-dk-baby-alpaka-vuna-prirodno-zuta-melange-300-g\/","title":{"rendered":"ALPAWOOL Baby 100 DK | Baby alpaka vuna prirodno \u017euta melange 300 g"},"content":{"rendered":"<h3><strong>Alpawool Baby 100 DK &#8211; fina baby alpaka vuna iz Perua<\/strong><\/h3>\n<p><strong>Alpawool Baby 100 DK<\/strong> je predivno mekano predivo od <strong>100 % baby alpaka vune<\/strong>. Fina vlakna potje\u010du od alpaka s peruanskih Anda, a odlikuju se posebnom meko\u0107om i svilenkastim sjajem. <\/p>\n<p>Baby alpaka vuna jedno je od najplemenitijih prirodnih vlakana i cijenjena je zbog svojih izvrsnih svojstava: lagana je, topla, hipoalergena i ne sadr\u017ei lanolin. To je \u010dini posebno ugodnom za ko\u017eu i prikladnom \u010dak i za osjetljivu ko\u017eu. <\/p>\n<p>Sa svojom svestranom DK debljinom, Alpawool Baby 100 savr\u0161ena je za pulovere, \u0161alove, kape i sve projekte koji zaslu\u017euju luksuzan dodir. Na\u0161 apsolutni bestseler! <\/p>\n<h4>Tehni\u010dki podaci<\/h4>\n<ul>\n<li><strong>Sastav:<\/strong> 100 % baby alpaka vuna<\/li>\n<li><strong>Duljina:<\/strong> 50 g = 100 m<\/li>\n<li><strong>Debljina igle:<\/strong> 3 \u2013 4 mm (US 3 \u2013 6)<\/li>\n<li><strong>Gusto\u0107a pletenja:<\/strong> 24 o\u010dice, 32 reda (10 x 10 cm)<\/li>\n<li><strong>Debljina pre\u0111e:<\/strong> DK<\/li>\n<li><strong>Pakiranje:<\/strong> 6 x 50 g ekonomi\u010dno pakiranje (300 g)<\/li>\n<\/ul>\n<h4>Podrijetlo<\/h4>\n<ul>\n<li><strong>Vlakno:<\/strong> Peru (Ande)<\/li>\n<li><strong>Predeno i bojano:<\/strong> Peru<\/li>\n<\/ul>\n<h4>Upute za odr\u017eavanje<\/h4>\n<ul>\n<li>Ru\u010dno pranje na maks. 30\u00b0C <\/li>\n<li>Nje\u017eno istisnuti, ne cijediti<\/li>\n<li>Su\u0161iti polo\u017eeno<\/li>\n<li>Ne su\u0161iti u su\u0161ilici<\/li>\n<\/ul>\n","protected":false},"excerpt":{"rendered":"<p>Fina baby alpaka vuna iz Perua. Luksuzno mekana, lagana i topla. 6 x 50 g ekonomi\u010dno pakiranje = 300 g.  <\/p>\n","protected":false},"featured_media":2798,"comment_status":"open","ping_status":"closed","template":"","meta":[],"product_brand":[],"product_cat":[334],"product_tag":[354,355,338,357,358,356],"class_list":{"0":"post-8193","1":"product","2":"type-product","3":"status-publish","4":"has-post-thumbnail","6":"product_cat-cista-priroda","7":"product_tag-alpaka-vuna","8":"product_tag-baby-alpaka","9":"product_tag-dk","10":"product_tag-hipoalergeno","11":"product_tag-mekano","12":"product_tag-peru","14":"first","15":"instock","16":"shipping-taxable","17":"purchasable","18":"product-type-simple"},"aioseo_notices":[],"_links":{"self":[{"href":"https:\/\/goodwool.shop\/hr\/wp-json\/wp\/v2\/product\/8193","targetHints":{"allow":["GET"]}}],"collection":[{"href":"https:\/\/goodwool.shop\/hr\/wp-json\/wp\/v2\/product"}],"about":[{"href":"https:\/\/goodwool.shop\/hr\/wp-json\/wp\/v2\/types\/product"}],"replies":[{"embeddable":true,"href":"https:\/\/goodwool.shop\/hr\/wp-json\/wp\/v2\/comments?post=8193"}],"version-history":[{"count":0,"href":"https:\/\/goodwool.shop\/hr\/wp-json\/wp\/v2\/product\/8193\/revisions"}],"wp:featuredmedia":[{"embeddable":true,"href":"https:\/\/goodwool.shop\/hr\/wp-json\/wp\/v2\/media\/2798"}],"wp:attachment":[{"href":"https:\/\/goodwool.shop\/hr\/wp-json\/wp\/v2\/media?parent=8193"}],"wp:term":[{"taxonomy":"product_brand","embeddable":true,"href":"https:\/\/goodwool.shop\/hr\/wp-json\/wp\/v2\/product_brand?post=8193"},{"taxonomy":"product_cat","embeddable":true,"href":"https:\/\/goodwool.shop\/hr\/wp-json\/wp\/v2\/product_cat?post=8193"},{"taxonomy":"product_tag","embeddable":true,"href":"https:\/\/goodwool.shop\/hr\/wp-json\/wp\/v2\/product_tag?post=8193"}],"curies":[{"name":"wp","href":"https:\/\/api.w.org\/{rel}","templated":true}]}}