{"id":7715,"date":"2026-02-24T09:51:22","date_gmt":"2026-02-24T09:51:22","guid":{"rendered":"https:\/\/goodwool.shop\/product\/pro-lana-basic-pamuk\/"},"modified":"2026-02-24T09:51:22","modified_gmt":"2026-02-24T09:51:22","slug":"pro-lana-basic-pamuk","status":"publish","type":"product","link":"https:\/\/goodwool.shop\/hr\/proizvod\/pro-lana-basic-pamuk\/","title":{"rendered":"Pro Lana Basic pamuk"},"content":{"rendered":"<h3><strong>Pro Lana Basic Cotton \u2013 ultimativni svestrani izbor me\u0111u pre\u0111ama<\/strong><\/h3>\n<p><strong>Basic Cotton<\/strong> je idealna pre\u0111a za svakoga tko cijeni kvalitetu, svestranost i odr\u017eivost. Sa <strong>105 prekrasnih boja<\/strong> nudi impresivan raspon za kreativne projekte pletenja i heklanja. <\/p>\n<p>Bilo da je za odje\u0107u, ku\u0107ni tekstil ili dodatke \u2013 ova pre\u0111a impresionira svojim ugodnim osje\u0107ajem i visoku izdr\u017eljivost. Izra\u0111en od vrhunske pamuka, Osnovni pamuk je posebno mekan, prijatan za ko\u017eu i izdr\u017eljiv. <\/p>\n<p>Posjeduje <strong>OEKO-TEX certifikat<\/strong> i testirano je na otpornost na pljuva\u010dku u skladu s <strong>DIN EN 71-3<\/strong> \u2013 savr\u0161eno za dje\u010dju odje\u0107u, igra\u010dke i mekane igra\u010dke!<\/p>\n<h4>Tehni\u010dke specifikacije<\/h4>\n<ul>\n<li><strong>Sastav:<\/strong> 100% pamuk<\/li>\n<li><strong>Du\u017eina pre\u0111e:<\/strong> 50 g = 125 m<\/li>\n<li><strong>Nadelst\u00e4rke:<\/strong> 3,0 &#8211; 3,5 mm<\/li>\n<li><strong>Uzorak:<\/strong> 24 petlje, 32 reda (10&#215;10 cm)<\/li>\n<li><strong>Debljina pre\u0111e:<\/strong> DK<\/li>\n<li><strong>Pakiranje:<\/strong> klupko 50 g<\/li>\n<\/ul>\n<h4>Porijeklo<\/h4>\n<ul>\n<li>Vlakna: Turska<\/li>\n<li><strong>Zavr\u0161na obrada:<\/strong> Mercerizirano i giljano za suptilan sjaj<\/li>\n<\/ul>\n<h4>Upute za odr\u017eavanje<\/h4>\n<ul>\n<li>Strojno pranje na 40 \u00b0C<\/li>\n<li>Ne su\u0161iti u su\u0161ilici<\/li>\n<li>Peglanje na srednjoj temperaturi<\/li>\n<li>Ne izbjeljivati<\/li>\n<\/ul>\n","protected":false},"excerpt":{"rendered":"<p>100% pamuk, OEKO-TEX certificirano. Savr\u0161eno za odje\u0107u, amigurumi i ku\u0107ni tekstil. 50 g = 125 m.  <\/p>\n","protected":false},"featured_media":2951,"comment_status":"open","ping_status":"closed","template":"","meta":[],"product_brand":[],"product_cat":[274],"product_tag":[317,344,338,305,290],"class_list":{"0":"post-7715","1":"product","2":"type-product","3":"status-publish","4":"has-post-thumbnail","6":"product_cat-klasici","7":"product_tag-amigurumi","8":"product_tag-djecja-preda","9":"product_tag-dk","10":"product_tag-oeko-tex","11":"product_tag-pamuk","13":"first","14":"instock","15":"shipping-taxable","16":"purchasable","17":"product-type-variable"},"aioseo_notices":[],"_links":{"self":[{"href":"https:\/\/goodwool.shop\/hr\/wp-json\/wp\/v2\/product\/7715","targetHints":{"allow":["GET"]}}],"collection":[{"href":"https:\/\/goodwool.shop\/hr\/wp-json\/wp\/v2\/product"}],"about":[{"href":"https:\/\/goodwool.shop\/hr\/wp-json\/wp\/v2\/types\/product"}],"replies":[{"embeddable":true,"href":"https:\/\/goodwool.shop\/hr\/wp-json\/wp\/v2\/comments?post=7715"}],"version-history":[{"count":0,"href":"https:\/\/goodwool.shop\/hr\/wp-json\/wp\/v2\/product\/7715\/revisions"}],"wp:featuredmedia":[{"embeddable":true,"href":"https:\/\/goodwool.shop\/hr\/wp-json\/wp\/v2\/media\/2951"}],"wp:attachment":[{"href":"https:\/\/goodwool.shop\/hr\/wp-json\/wp\/v2\/media?parent=7715"}],"wp:term":[{"taxonomy":"product_brand","embeddable":true,"href":"https:\/\/goodwool.shop\/hr\/wp-json\/wp\/v2\/product_brand?post=7715"},{"taxonomy":"product_cat","embeddable":true,"href":"https:\/\/goodwool.shop\/hr\/wp-json\/wp\/v2\/product_cat?post=7715"},{"taxonomy":"product_tag","embeddable":true,"href":"https:\/\/goodwool.shop\/hr\/wp-json\/wp\/v2\/product_tag?post=7715"}],"curies":[{"name":"wp","href":"https:\/\/api.w.org\/{rel}","templated":true}]}}