{"id":6810,"date":"2026-03-31T11:46:49","date_gmt":"2026-03-31T11:46:49","guid":{"rendered":"https:\/\/goodwool.shop\/product\/addi-crasytrio-short-21cm\/"},"modified":"2026-03-31T11:46:49","modified_gmt":"2026-03-31T11:46:49","slug":"addi-crasytrio-short-21cm","status":"publish","type":"product","link":"https:\/\/goodwool.shop\/hr\/proizvod\/addi-crasytrio-short-21cm\/","title":{"rendered":"Addi CraSyTrio Short 21cm"},"content":{"rendered":"<h3>Addi CraSyTrio Short 21cm<\/h3>\n<p>Revolucionarni set s 3 igle za jednostavno kru\u017eno pletenje. Fleksibilne igle prilago\u0111avaju se svakoj ruci \u2013 idealno za \u010darape, rukavice i kape.<\/p>\n<h4>Zna\u010dajke:<\/h4>\n<ul>\n<li><strong>Materijal:<\/strong> Mesing bijelo-bron\u010dani<\/li>\n<li><strong>Duljina:<\/strong> 21 cm (8.3&#8243;)<\/li>\n<li><strong>Debljine igala:<\/strong> 2.0 \u2013 5.0 mm<\/li>\n<li><strong>Vrhovi:<\/strong> 1x Lace vrh, 1x Basic vrh<\/li>\n<li><strong>Set:<\/strong> 3 igle<\/li>\n<li><strong>Proizvedeno u Njema\u010dkoj<\/strong><\/li>\n<\/ul>\n","protected":false},"excerpt":{"rendered":"<p>Materijal: Mesing bijelo-bron\u010dani s fleksibilnim plasti\u010dnim u\u017eetom<\/p>\n","protected":false},"featured_media":6806,"comment_status":"open","ping_status":"closed","template":"","meta":[],"product_brand":[],"product_cat":[273],"product_tag":[],"class_list":{"0":"post-6810","1":"product","2":"type-product","3":"status-publish","4":"has-post-thumbnail","6":"product_cat-dodaci","8":"first","9":"instock","10":"shipping-taxable","11":"purchasable","12":"product-type-simple"},"aioseo_notices":[],"_links":{"self":[{"href":"https:\/\/goodwool.shop\/hr\/wp-json\/wp\/v2\/product\/6810","targetHints":{"allow":["GET"]}}],"collection":[{"href":"https:\/\/goodwool.shop\/hr\/wp-json\/wp\/v2\/product"}],"about":[{"href":"https:\/\/goodwool.shop\/hr\/wp-json\/wp\/v2\/types\/product"}],"replies":[{"embeddable":true,"href":"https:\/\/goodwool.shop\/hr\/wp-json\/wp\/v2\/comments?post=6810"}],"version-history":[{"count":0,"href":"https:\/\/goodwool.shop\/hr\/wp-json\/wp\/v2\/product\/6810\/revisions"}],"wp:featuredmedia":[{"embeddable":true,"href":"https:\/\/goodwool.shop\/hr\/wp-json\/wp\/v2\/media\/6806"}],"wp:attachment":[{"href":"https:\/\/goodwool.shop\/hr\/wp-json\/wp\/v2\/media?parent=6810"}],"wp:term":[{"taxonomy":"product_brand","embeddable":true,"href":"https:\/\/goodwool.shop\/hr\/wp-json\/wp\/v2\/product_brand?post=6810"},{"taxonomy":"product_cat","embeddable":true,"href":"https:\/\/goodwool.shop\/hr\/wp-json\/wp\/v2\/product_cat?post=6810"},{"taxonomy":"product_tag","embeddable":true,"href":"https:\/\/goodwool.shop\/hr\/wp-json\/wp\/v2\/product_tag?post=6810"}],"curies":[{"name":"wp","href":"https:\/\/api.w.org\/{rel}","templated":true}]}}