{"id":10604,"date":"2026-04-29T16:05:52","date_gmt":"2026-04-29T16:05:52","guid":{"rendered":"https:\/\/goodwool.shop\/uvjeti-koristenja\/"},"modified":"2026-05-15T08:31:47","modified_gmt":"2026-05-15T08:31:47","slug":"uvjeti-koristenja","status":"publish","type":"page","link":"https:\/\/goodwool.shop\/hr\/uvjeti-koristenja\/","title":{"rendered":"Uvjeti kori\u0161tenja"},"content":{"rendered":"\t\t<div data-elementor-type=\"wp-page\" data-elementor-id=\"10604\" class=\"elementor elementor-10604 elementor-5535\" wpc-filter-elementor-widget=\"1\" data-elementor-post-type=\"page\">\n\t\t\t\t<div class=\"elementor-element elementor-element-a95b4a0 e-flex e-con-boxed wpr-particle-no wpr-jarallax-no wpr-parallax-no wpr-sticky-section-no wpr-equal-height-no e-con e-parent\" data-id=\"a95b4a0\" data-element_type=\"container\" data-e-type=\"container\">\n\t\t\t\t\t<div class=\"e-con-inner\">\n\t\t\t\t<div class=\"elementor-element elementor-element-a6a6148 elementor-widget elementor-widget-text-editor\" data-id=\"a6a6148\" data-element_type=\"widget\" data-e-type=\"widget\" data-widget_type=\"text-editor.default\">\n\t\t\t\t\t\t\t\t\t<h1>Uvjeti kori\u0161tenja<\/h1><p>Dobro do\u0161li u Good Wool Shop Hrvatska. Pristupanjem na\u0161oj web stranici ili njezinim kori\u0161tenjem prihva\u0107a\u0161 ove uvjete kori\u0161tenja. Molimo te da ih pa\u017eljivo pro\u010dita\u0161 prije nego \u0161to koristi\u0161 na\u0161e usluge.  <\/p><h2>1. Op\u0107e informacije<\/h2><p>Ovom web stranicom upravlja Good Wool Shop Croatia, internetska trgovina specijalizirana za pre\u0111u i povezane proizvode.<\/p><p>Na ovoj web stranici pojmovi \u201emi\u201c, \u201enas\u201c i \u201ena\u0161\u201c odnose se na Good Wool Shop Croatia.<\/p><p>Posjetom na\u0161oj web stranici i\/ili kupnjom proizvoda kod nas prihva\u0107a\u0161 ove uvjete kori\u0161tenja.<\/p><hr><h2>2. Uvjeti za internetsku trgovinu<\/h2><p>Mora\u0161 biti punoljetan\/punoljetna u svojoj zemlji ili regiji kako bi mogao\/mogla koristiti ovu web stranicu ili obavljati kupnje.<\/p><p>Ne smije\u0161 koristiti na\u0161e proizvode u nezakonite ili neovla\u0161tene svrhe.<\/p><p>Ne smije\u0161 prenositi viruse, zlonamjerni softver ili \u0161tetni kod.<\/p><hr><h2>3. Proizvodi i usluge<\/h2><p>Good Wool Shop Croatia prodaje pre\u0111u, pribor za pletenje i sli\u010dne rukotvorne artikle.<\/p><p>Trudimo se prikazati opise proizvoda, boje, slike i cijene \u0161to je mogu\u0107e to\u010dnije. Me\u0111utim, stvarne boje proizvoda mogu varirati ovisno o postavkama zaslona i uvjetima osvjetljenja. <\/p><p>Zadr\u017eavamo pravo<\/p><ul><li><p>mijenjati proizvode ili ih povu\u0107i iz ponude bez prethodne najave<\/p><\/li><li><p>ograni\u010diti koli\u010dine prodaje<\/p><\/li><li><p>odbiti narud\u017ebe prema vlastitom naho\u0111enju<\/p><\/li><\/ul><hr><h2>4. Cijene i pla\u0107anja<\/h2><p>Sve cijene su izra\u017eene u eurima i, osim ako nije druga\u010dije navedeno, uklju\u010duju va\u017ee\u0107e poreze.<\/p><p>Pla\u0107anja se sigurno obra\u0111uju putem pouzdanih vanjskih pru\u017eatelja usluga pla\u0107anja kao \u0161to su Stripe, PayPal i pru\u017eatelji usluga kreditnih\/debitnih kartica.<\/p><p>Ne pohranjujemo potpune podatke o platnim karticama na na\u0161im poslu\u017eiteljima.<\/p><hr><h2>5. Dostava<\/h2><p>Rokovi dostave su okvirni i mogu varirati ovisno o odredi\u0161tu, carinskoj obradi i ka\u0161njenjima kod dostavne slu\u017ebe.<\/p><p>Kupci su odgovorni za navo\u0111enje to\u010dnih podataka za dostavu.<\/p><p>Ne preuzimamo odgovornost za ka\u0161njenja uzrokovana prijevoznicima ili carinskim tijelima.<\/p><hr><h2>6. Povrati i povrat novca<\/h2><p>Molimo pro\u010ditaj na\u0161e smjernice za povrat novca kako bi dobio\/dobila informacije o povratima, zamjenama i povratu sredstava.<\/p><p>Vra\u0107eni proizvodi moraju biti nekori\u0161teni, u izvornom stanju i u originalnom pakiranju, osim ako su o\u0161te\u0107eni tijekom transporta.<\/p><p>Zadr\u017eavamo pravo odbiti povrate koji nisu u skladu s na\u0161im smjernicama.<\/p><hr><h2>7. Intelektualno vlasni\u0161tvo<\/h2><p>Sav sadr\u017eaj ove web stranice, uklju\u010duju\u0107i logotipe, tekstove, grafike, slike proizvoda i dizajne, vlasni\u0161tvo je Good Wool Shop Croatia te se ne smije kopirati, umno\u017eavati ili koristiti bez odobrenja.<\/p><hr><h2>8. Korisni\u010dki ra\u010duni<\/h2><p>Odgovoran\/odgovorna si za \u010duvanje povjerljivosti podataka o ra\u010dunu i lozinke.<\/p><p>Zadr\u017eavamo pravo ukinuti ra\u010dune koji kr\u0161e ove uvjete.<\/p><hr><h2>9. Ograni\u010denje odgovornosti<\/h2><p>U mjeri dopu\u0161tenoj zakonom, Good Wool Shop Croatia ne odgovara za:<\/p><ul><li><p>posljedi\u010dne \u0161tete<\/p><\/li><li><p>izgubljenu dobit<\/p><\/li><li><p>gubitak podataka<\/p><\/li><li><p>prekid poslovanja<\/p><\/li><\/ul><p>koji proizlaze iz kori\u0161tenja na\u0161e web stranice ili na\u0161ih proizvoda.<\/p><hr><h2>10. Za\u0161tita privatnosti<\/h2><p>Prijenos tvojih osobnih podataka putem trgovine podlije\u017ee na\u0161oj Politici privatnosti.<\/p><hr><h2>11. Usluge tre\u0107ih strana<\/h2><p>Na\u0161a web stranica mo\u017ee sadr\u017eavati poveznice ili integracije s uslugama tre\u0107ih strana, uklju\u010duju\u0107i:<\/p><ul><li><p>platne pristupnike<\/p><\/li><li><p>pru\u017eatelje analiti\u010dkih usluga<\/p><\/li><li><p>ogla\u0161iva\u010dke platforme<\/p><\/li><li><p>usluge dru\u0161tvenih mre\u017ea<\/p><\/li><\/ul><p>Ne preuzimamo odgovornost za web stranice ili usluge tre\u0107ih strana.<\/p><hr><h2>12. Izmjene uvjeta<\/h2><p>Zadr\u017eavamo pravo a\u017eurirati ili izmijeniti ove uvjete u bilo kojem trenutku.<\/p><p>Izmjene stupaju na snagu odmah nakon objave na ovoj stranici.<\/p><hr><h2>13. Mjerodavno pravo<\/h2><p>Ovi uvjeti podlije\u017eu hrvatskom pravu i tuma\u010de se u skladu s njim.<\/p><hr><h2>14. Kontakt podaci<\/h2><p>Ako ima\u0161 pitanja o ovim uvjetima, kontaktiraj nas na:<\/p><p><strong>Naziv tvrtke:<\/strong> Good Wool Shop Croatia<br><strong>E-mail:<\/strong> <a href=\"mailto:info@goodwool.shop\"><span dir=\"auto\">info@goodwool.shop<\/span><\/a><br><strong>Poslovna adresa:<br><\/strong><span dir=\"auto\">Office 620, Initial Business Center<\/span><br data-start=\"35\" data-end=\"38\"><span dir=\"auto\">Wilson Business Park<\/span><br data-start=\"58\" data-end=\"61\"><span dir=\"auto\">Manchester<\/span><br data-start=\"71\" data-end=\"74\"><span dir=\"auto\">United Kingdom<\/span><\/p>\t\t\t\t\t\t\t\t<\/div>\n\t\t\t\t\t<\/div>\n\t\t\t\t<\/div>\n\t\t\t\t<\/div>\n\t\t","protected":false},"excerpt":{"rendered":"<p>Uvjeti kori\u0161tenja Dobro do\u0161li u Good Wool Shop Hrvatska. Pristupanjem na\u0161oj web stranici ili njezinim kori\u0161tenjem prihva\u0107a\u0161 ove uvjete kori\u0161tenja. Molimo te da ih pa\u017eljivo pro\u010dita\u0161 prije nego \u0161to koristi\u0161 na\u0161e usluge. 1. Op\u0107e informacije Ovom web stranicom upravlja Good Wool Shop Croatia, internetska trgovina specijalizirana za pre\u0111u i povezane proizvode. Na ovoj web stranici pojmovi \u201emi\u201c, \u201enas\u201c i \u201ena\u0161\u201c odnose se na Good Wool Shop Croatia. Posjetom na\u0161oj web stranici i\/ili kupnjom proizvoda kod nas prihva\u0107a\u0161 ove uvjete kori\u0161tenja. 2. Uvjeti za internetsku trgovinu Mora\u0161 biti punoljetan\/punoljetna u svojoj zemlji ili regiji kako bi mogao\/mogla koristiti ovu web stranicu ili obavljati kupnje. Ne smije\u0161 koristiti na\u0161e proizvode u nezakonite ili neovla\u0161tene svrhe. Ne smije\u0161 prenositi viruse, zlonamjerni softver ili \u0161tetni kod. 3. Proizvodi i usluge Good Wool Shop Croatia prodaje pre\u0111u, pribor za pletenje i sli\u010dne rukotvorne artikle. Trudimo se prikazati opise proizvoda, boje, slike i cijene \u0161to je mogu\u0107e to\u010dnije. Me\u0111utim, stvarne boje proizvoda mogu varirati ovisno o postavkama zaslona i uvjetima osvjetljenja. Zadr\u017eavamo pravo mijenjati proizvode ili ih povu\u0107i iz ponude bez prethodne najave ograni\u010diti koli\u010dine prodaje odbiti narud\u017ebe prema vlastitom naho\u0111enju 4. Cijene i pla\u0107anja Sve cijene su izra\u017eene u eurima i, osim ako nije druga\u010dije navedeno, uklju\u010duju va\u017ee\u0107e poreze. Pla\u0107anja se sigurno obra\u0111uju putem pouzdanih vanjskih pru\u017eatelja usluga pla\u0107anja kao \u0161to su Stripe, PayPal i pru\u017eatelji usluga kreditnih\/debitnih kartica. Ne pohranjujemo potpune podatke o platnim karticama na na\u0161im poslu\u017eiteljima. 5. Dostava Rokovi dostave su okvirni i mogu varirati ovisno o odredi\u0161tu, carinskoj obradi i ka\u0161njenjima kod dostavne slu\u017ebe. Kupci su odgovorni za navo\u0111enje to\u010dnih podataka za dostavu. Ne preuzimamo odgovornost za ka\u0161njenja uzrokovana prijevoznicima ili carinskim tijelima. 6. Povrati i povrat novca Molimo pro\u010ditaj na\u0161e smjernice za povrat novca kako bi dobio\/dobila informacije o povratima, zamjenama i povratu sredstava. Vra\u0107eni proizvodi moraju biti nekori\u0161teni, u izvornom stanju i u originalnom pakiranju, osim ako su o\u0161te\u0107eni tijekom transporta. Zadr\u017eavamo pravo odbiti povrate koji nisu u skladu s na\u0161im smjernicama. 7. Intelektualno vlasni\u0161tvo Sav sadr\u017eaj ove web stranice, uklju\u010duju\u0107i logotipe, tekstove, grafike, slike proizvoda i dizajne, vlasni\u0161tvo je Good Wool Shop Croatia te se ne smije kopirati, umno\u017eavati ili koristiti bez odobrenja. 8. Korisni\u010dki ra\u010duni Odgovoran\/odgovorna si za \u010duvanje povjerljivosti podataka o ra\u010dunu i lozinke. Zadr\u017eavamo pravo ukinuti ra\u010dune koji kr\u0161e ove uvjete. 9. Ograni\u010denje odgovornosti U mjeri dopu\u0161tenoj zakonom, Good Wool Shop Croatia ne odgovara za: posljedi\u010dne \u0161tete izgubljenu dobit gubitak podataka prekid poslovanja koji proizlaze iz kori\u0161tenja na\u0161e web stranice ili na\u0161ih proizvoda. 10. Za\u0161tita privatnosti Prijenos tvojih osobnih podataka putem trgovine podlije\u017ee na\u0161oj Politici privatnosti. 11. Usluge tre\u0107ih strana Na\u0161a web stranica mo\u017ee sadr\u017eavati poveznice ili integracije s uslugama tre\u0107ih strana, uklju\u010duju\u0107i: platne pristupnike pru\u017eatelje analiti\u010dkih usluga ogla\u0161iva\u010dke platforme usluge dru\u0161tvenih mre\u017ea Ne preuzimamo odgovornost za web stranice ili usluge tre\u0107ih strana. 12. Izmjene uvjeta Zadr\u017eavamo pravo a\u017eurirati ili izmijeniti ove uvjete u bilo kojem trenutku. Izmjene stupaju na snagu odmah nakon objave na ovoj stranici. 13. Mjerodavno pravo Ovi uvjeti podlije\u017eu hrvatskom pravu i tuma\u010de se u skladu s njim. 14. Kontakt podaci Ako ima\u0161 pitanja o ovim uvjetima, kontaktiraj nas na: Naziv tvrtke: Good Wool Shop CroatiaE-mail: info@goodwool.shopPoslovna adresa:Office 620, Initial Business CenterWilson Business ParkManchesterUnited Kingdom<\/p>\n","protected":false},"author":1,"featured_media":0,"parent":0,"menu_order":0,"comment_status":"closed","ping_status":"closed","template":"","meta":{"footnotes":""},"class_list":["post-10604","page","type-page","status-publish","hentry"],"blocksy_meta":[],"aioseo_notices":[],"_hostinger_reach_plugin_has_subscription_block":false,"_hostinger_reach_plugin_is_elementor":false,"_links":{"self":[{"href":"https:\/\/goodwool.shop\/hr\/wp-json\/wp\/v2\/pages\/10604","targetHints":{"allow":["GET"]}}],"collection":[{"href":"https:\/\/goodwool.shop\/hr\/wp-json\/wp\/v2\/pages"}],"about":[{"href":"https:\/\/goodwool.shop\/hr\/wp-json\/wp\/v2\/types\/page"}],"author":[{"embeddable":true,"href":"https:\/\/goodwool.shop\/hr\/wp-json\/wp\/v2\/users\/1"}],"replies":[{"embeddable":true,"href":"https:\/\/goodwool.shop\/hr\/wp-json\/wp\/v2\/comments?post=10604"}],"version-history":[{"count":1,"href":"https:\/\/goodwool.shop\/hr\/wp-json\/wp\/v2\/pages\/10604\/revisions"}],"predecessor-version":[{"id":10605,"href":"https:\/\/goodwool.shop\/hr\/wp-json\/wp\/v2\/pages\/10604\/revisions\/10605"}],"wp:attachment":[{"href":"https:\/\/goodwool.shop\/hr\/wp-json\/wp\/v2\/media?parent=10604"}],"curies":[{"name":"wp","href":"https:\/\/api.w.org\/{rel}","templated":true}]}}